{"id":14,"date":"2025-03-19T15:37:06","date_gmt":"2025-03-19T15:37:06","guid":{"rendered":"https:\/\/www.jobs.xskillup.com\/?page_id=14"},"modified":"2025-03-19T15:47:40","modified_gmt":"2025-03-19T15:47:40","slug":"sobre-nos","status":"publish","type":"page","link":"https:\/\/www.jobs.xskillup.com\/de\/sobre-nos\/","title":{"rendered":"\u00dcber uns"},"content":{"rendered":"<p>Knoten\u00a0<strong>jobs.xskillup.com<\/strong>, wir sind nicht nur eine Informationsplattform. Wir sind ein Partner, der Ihnen dabei hilft, praktische und effektive Wege zur Weiterentwicklung Ihrer Karriere zu finden. Wir m\u00f6chten, dass Sie sich \u00fcber Stellenangebote informieren, etwas \u00fcber Ihre pers\u00f6nlichen Finanzen lernen und sich Gewohnheiten aneignen, die die Work-Life-Balance f\u00f6rdern. Wir glauben, dass der Zugang zu klaren und n\u00fctzlichen Informationen der Schl\u00fcssel zu einer erfolgreicheren, produktiveren und erf\u00fcllteren Karriere ist.<\/p>\n<p>Unsere Leidenschaft geht jedoch \u00fcber das blo\u00dfe Teilen von Informationen hinaus. Wir sind hier, um\u00a0<strong>best\u00e4rken Sie<\/strong>\u00a0Treffen Sie intelligentere Entscheidungen, optimieren Sie Ihre F\u00e4higkeiten und erkunden Sie neue M\u00f6glichkeiten, um Ihre beruflichen Ziele zu erreichen. Wir m\u00f6chten die Br\u00fccke sein, die Sie mit einer strahlenden Zukunft verbindet.<\/p>\n<hr \/>\n<h3>Unsere Mission:<\/h3>\n<p>Unser Ziel ist es, Ihnen einen umfassenden \u00dcberblick \u00fcber die wesentlichen Bereiche f\u00fcr Ihr berufliches Wachstum zu bieten. Von Tipps zum Verfassen eines effektiven Lebenslaufs bis hin zu Anleitungen zur Vorbereitung auf Vorstellungsgespr\u00e4che und Gehaltsverhandlungen ist es unsere Mission, ein\u00a0<strong>zuverl\u00e4ssige Quelle<\/strong>\u00a0an Informationen, die Sie f\u00fcr die Ver\u00e4nderung Ihrer Karriere nutzen k\u00f6nnen.<\/p>\n<p>Wir sind stets \u00fcber die Trends auf dem Arbeitsmarkt informiert und bieten relevante und aktuelle Inhalte zu beruflichen M\u00f6glichkeiten, Kompetenzentwicklung und Karriereplanung. Wir m\u00f6chten, dass Sie alles haben, was Sie brauchen, um sich abzuheben.<\/p>\n<hr \/>\n<h3>Was wir bieten:<\/h3>\n<p>\u2705\u00a0<strong>Tipps zu Stellenangeboten:<\/strong>\u00a0Wir geben Ihnen Stellenangebote und Tipps zum Finden der besten Jobs, zum Erstellen herausragender Lebensl\u00e4ufe und zur Vorbereitung auf Auswahlverfahren.<\/p>\n<p>\u2705\u00a0<strong>Finanzberatung f\u00fcr Berufst\u00e4tige:<\/strong>\u00a0Wir erkl\u00e4ren Ihnen, wie Sie Ihre Finanzen verwalten, Investitionen planen und Entscheidungen treffen, die zu Ihrer wirtschaftlichen Stabilit\u00e4t beitragen.<\/p>\n<p>\u2705\u00a0<strong>N\u00fctzliche Tools und Ressourcen:<\/strong>\u00a0Wir helfen Ihnen dabei, Tools und Apps zu entdecken, die Ihnen die Jobsuche, die Entwicklung von F\u00e4higkeiten und die Organisation Ihres Berufslebens erleichtern.<\/p>\n<hr \/>\n<p>Knoten\u00a0<strong>jobs.xskillup.com<\/strong>, wir m\u00f6chten mehr sein als nur eine Website. Wir m\u00f6chten Ihr Wegweiser zu einer ausgeglicheneren, erfolgreicheren und erf\u00fcllteren Karriere sein. Kommen Sie zu uns und entdecken Sie, wie kleine Ver\u00e4nderungen zu gro\u00dfen Ver\u00e4nderungen in Ihrer beruflichen Laufbahn f\u00fchren k\u00f6nnen.<\/p>","protected":false},"excerpt":{"rendered":"<p>No\u00a0jobs.xskillup.com, n\u00e3o somos apenas uma plataforma de informa\u00e7\u00f5es. Somos um parceiro comprometido em ajudar voc\u00ea a descobrir maneiras pr\u00e1ticas e [&hellip;]<\/p>","protected":false},"author":1,"featured_media":0,"parent":0,"menu_order":0,"comment_status":"closed","ping_status":"closed","template":"","meta":{"site-sidebar-layout":"default","site-content-layout":"","ast-site-content-layout":"default","site-content-style":"default","site-sidebar-style":"default","ast-global-header-display":"","ast-banner-title-visibility":"","ast-main-header-display":"","ast-hfb-above-header-display":"","ast-hfb-below-header-display":"","ast-hfb-mobile-header-display":"","site-post-title":"","ast-breadcrumbs-content":"","ast-featured-img":"","footer-sml-layout":"","theme-transparent-header-meta":"default","adv-header-id-meta":"","stick-header-meta":"","header-above-stick-meta":"","header-main-stick-meta":"","header-below-stick-meta":"","astra-migrate-meta-layouts":"set","ast-page-background-enabled":"default","ast-page-background-meta":{"desktop":{"background-color":"var(--ast-global-color-5)","background-image":"","background-repeat":"repeat","background-position":"center center","background-size":"auto","background-attachment":"scroll","background-type":"","background-media":"","overlay-type":"","overlay-color":"","overlay-opacity":"","overlay-gradient":""},"tablet":{"background-color":"","background-image":"","background-repeat":"repeat","background-position":"center center","background-size":"auto","background-attachment":"scroll","background-type":"","background-media":"","overlay-type":"","overlay-color":"","overlay-opacity":"","overlay-gradient":""},"mobile":{"background-color":"","background-image":"","background-repeat":"repeat","background-position":"center center","background-size":"auto","background-attachment":"scroll","background-type":"","background-media":"","overlay-type":"","overlay-color":"","overlay-opacity":"","overlay-gradient":""}},"ast-content-background-meta":{"desktop":{"background-color":"var(--ast-global-color-4)","background-image":"","background-repeat":"repeat","background-position":"center center","background-size":"auto","background-attachment":"scroll","background-type":"","background-media":"","overlay-type":"","overlay-color":"","overlay-opacity":"","overlay-gradient":""},"tablet":{"background-color":"var(--ast-global-color-4)","background-image":"","background-repeat":"repeat","background-position":"center center","background-size":"auto","background-attachment":"scroll","background-type":"","background-media":"","overlay-type":"","overlay-color":"","overlay-opacity":"","overlay-gradient":""},"mobile":{"background-color":"var(--ast-global-color-4)","background-image":"","background-repeat":"repeat","background-position":"center center","background-size":"auto","background-attachment":"scroll","background-type":"","background-media":"","overlay-type":"","overlay-color":"","overlay-opacity":"","overlay-gradient":""}},"footnotes":""},"class_list":["post-14","page","type-page","status-publish","hentry"],"yoast_head":"<!-- This site is optimized with the Yoast SEO plugin v24.9 - https:\/\/yoast.com\/wordpress\/plugins\/seo\/ -->\n<title>Sobre n\u00f3s - xskillup<\/title>\n<meta name=\"robots\" content=\"index, follow, max-snippet:-1, max-image-preview:large, max-video-preview:-1\" \/>\n<link rel=\"canonical\" href=\"https:\/\/www.jobs.xskillup.com\/de\/sobre-nos\/\" \/>\n<meta property=\"og:locale\" content=\"de_DE\" \/>\n<meta property=\"og:type\" content=\"article\" \/>\n<meta property=\"og:title\" content=\"Sobre n\u00f3s - xskillup\" \/>\n<meta property=\"og:description\" content=\"No\u00a0jobs.xskillup.com, n\u00e3o somos apenas uma plataforma de informa\u00e7\u00f5es. Somos um parceiro comprometido em ajudar voc\u00ea a descobrir maneiras pr\u00e1ticas e [&hellip;]\" \/>\n<meta property=\"og:url\" content=\"https:\/\/www.jobs.xskillup.com\/de\/sobre-nos\/\" \/>\n<meta property=\"og:site_name\" content=\"xskillup\" \/>\n<meta property=\"article:modified_time\" content=\"2025-03-19T15:47:40+00:00\" \/>\n<meta name=\"twitter:card\" content=\"summary_large_image\" \/>\n<script type=\"application\/ld+json\" class=\"yoast-schema-graph\">{\"@context\":\"https:\/\/schema.org\",\"@graph\":[{\"@type\":\"WebPage\",\"@id\":\"https:\/\/www.jobs.xskillup.com\/sobre-nos\/\",\"url\":\"https:\/\/www.jobs.xskillup.com\/sobre-nos\/\",\"name\":\"Sobre n\u00f3s - xskillup\",\"isPartOf\":{\"@id\":\"https:\/\/www.jobs.xskillup.com\/#website\"},\"datePublished\":\"2025-03-19T15:37:06+00:00\",\"dateModified\":\"2025-03-19T15:47:40+00:00\",\"breadcrumb\":{\"@id\":\"https:\/\/www.jobs.xskillup.com\/sobre-nos\/#breadcrumb\"},\"inLanguage\":\"de\",\"potentialAction\":[{\"@type\":\"ReadAction\",\"target\":[\"https:\/\/www.jobs.xskillup.com\/sobre-nos\/\"]}]},{\"@type\":\"BreadcrumbList\",\"@id\":\"https:\/\/www.jobs.xskillup.com\/sobre-nos\/#breadcrumb\",\"itemListElement\":[{\"@type\":\"ListItem\",\"position\":1,\"name\":\"In\u00edcio\",\"item\":\"https:\/\/www.jobs.xskillup.com\/\"},{\"@type\":\"ListItem\",\"position\":2,\"name\":\"Sobre n\u00f3s\"}]},{\"@type\":\"WebSite\",\"@id\":\"https:\/\/www.jobs.xskillup.com\/#website\",\"url\":\"https:\/\/www.jobs.xskillup.com\/\",\"name\":\"xskillup\",\"description\":\"Bem-vindo\",\"publisher\":{\"@id\":\"https:\/\/www.jobs.xskillup.com\/#organization\"},\"potentialAction\":[{\"@type\":\"SearchAction\",\"target\":{\"@type\":\"EntryPoint\",\"urlTemplate\":\"https:\/\/www.jobs.xskillup.com\/?s={search_term_string}\"},\"query-input\":{\"@type\":\"PropertyValueSpecification\",\"valueRequired\":true,\"valueName\":\"search_term_string\"}}],\"inLanguage\":\"de\"},{\"@type\":\"Organization\",\"@id\":\"https:\/\/www.jobs.xskillup.com\/#organization\",\"name\":\"xskillup\",\"url\":\"https:\/\/www.jobs.xskillup.com\/\",\"logo\":{\"@type\":\"ImageObject\",\"inLanguage\":\"de\",\"@id\":\"https:\/\/www.jobs.xskillup.com\/#\/schema\/logo\/image\/\",\"url\":\"https:\/\/www.jobs.xskillup.com\/wp-content\/uploads\/2025\/03\/origami.png\",\"contentUrl\":\"https:\/\/www.jobs.xskillup.com\/wp-content\/uploads\/2025\/03\/origami.png\",\"width\":512,\"height\":512,\"caption\":\"xskillup\"},\"image\":{\"@id\":\"https:\/\/www.jobs.xskillup.com\/#\/schema\/logo\/image\/\"}}]}<\/script>\n<!-- \/ Yoast SEO plugin. -->","yoast_head_json":{"title":"Sobre n\u00f3s - xskillup","robots":{"index":"index","follow":"follow","max-snippet":"max-snippet:-1","max-image-preview":"max-image-preview:large","max-video-preview":"max-video-preview:-1"},"canonical":"https:\/\/www.jobs.xskillup.com\/de\/sobre-nos\/","og_locale":"de_DE","og_type":"article","og_title":"Sobre n\u00f3s - xskillup","og_description":"No\u00a0jobs.xskillup.com, n\u00e3o somos apenas uma plataforma de informa\u00e7\u00f5es. Somos um parceiro comprometido em ajudar voc\u00ea a descobrir maneiras pr\u00e1ticas e [&hellip;]","og_url":"https:\/\/www.jobs.xskillup.com\/de\/sobre-nos\/","og_site_name":"xskillup","article_modified_time":"2025-03-19T15:47:40+00:00","twitter_card":"summary_large_image","schema":{"@context":"https:\/\/schema.org","@graph":[{"@type":"WebPage","@id":"https:\/\/www.jobs.xskillup.com\/sobre-nos\/","url":"https:\/\/www.jobs.xskillup.com\/sobre-nos\/","name":"Sobre n\u00f3s - xskillup","isPartOf":{"@id":"https:\/\/www.jobs.xskillup.com\/#website"},"datePublished":"2025-03-19T15:37:06+00:00","dateModified":"2025-03-19T15:47:40+00:00","breadcrumb":{"@id":"https:\/\/www.jobs.xskillup.com\/sobre-nos\/#breadcrumb"},"inLanguage":"de","potentialAction":[{"@type":"ReadAction","target":["https:\/\/www.jobs.xskillup.com\/sobre-nos\/"]}]},{"@type":"BreadcrumbList","@id":"https:\/\/www.jobs.xskillup.com\/sobre-nos\/#breadcrumb","itemListElement":[{"@type":"ListItem","position":1,"name":"In\u00edcio","item":"https:\/\/www.jobs.xskillup.com\/"},{"@type":"ListItem","position":2,"name":"Sobre n\u00f3s"}]},{"@type":"WebSite","@id":"https:\/\/www.jobs.xskillup.com\/#website","url":"https:\/\/www.jobs.xskillup.com\/","name":"xskillup","description":"Bem-vindo","publisher":{"@id":"https:\/\/www.jobs.xskillup.com\/#organization"},"potentialAction":[{"@type":"SearchAction","target":{"@type":"EntryPoint","urlTemplate":"https:\/\/www.jobs.xskillup.com\/?s={search_term_string}"},"query-input":{"@type":"PropertyValueSpecification","valueRequired":true,"valueName":"search_term_string"}}],"inLanguage":"de"},{"@type":"Organization","@id":"https:\/\/www.jobs.xskillup.com\/#organization","name":"xskillup","url":"https:\/\/www.jobs.xskillup.com\/","logo":{"@type":"ImageObject","inLanguage":"de","@id":"https:\/\/www.jobs.xskillup.com\/#\/schema\/logo\/image\/","url":"https:\/\/www.jobs.xskillup.com\/wp-content\/uploads\/2025\/03\/origami.png","contentUrl":"https:\/\/www.jobs.xskillup.com\/wp-content\/uploads\/2025\/03\/origami.png","width":512,"height":512,"caption":"xskillup"},"image":{"@id":"https:\/\/www.jobs.xskillup.com\/#\/schema\/logo\/image\/"}}]}},"_links":{"self":[{"href":"https:\/\/www.jobs.xskillup.com\/de\/wp-json\/wp\/v2\/pages\/14","targetHints":{"allow":["GET"]}}],"collection":[{"href":"https:\/\/www.jobs.xskillup.com\/de\/wp-json\/wp\/v2\/pages"}],"about":[{"href":"https:\/\/www.jobs.xskillup.com\/de\/wp-json\/wp\/v2\/types\/page"}],"author":[{"embeddable":true,"href":"https:\/\/www.jobs.xskillup.com\/de\/wp-json\/wp\/v2\/users\/1"}],"replies":[{"embeddable":true,"href":"https:\/\/www.jobs.xskillup.com\/de\/wp-json\/wp\/v2\/comments?post=14"}],"version-history":[{"count":2,"href":"https:\/\/www.jobs.xskillup.com\/de\/wp-json\/wp\/v2\/pages\/14\/revisions"}],"predecessor-version":[{"id":19,"href":"https:\/\/www.jobs.xskillup.com\/de\/wp-json\/wp\/v2\/pages\/14\/revisions\/19"}],"wp:attachment":[{"href":"https:\/\/www.jobs.xskillup.com\/de\/wp-json\/wp\/v2\/media?parent=14"}],"curies":[{"name":"wp","href":"https:\/\/api.w.org\/{rel}","templated":true}]}}