{"id":10,"date":"2025-03-19T15:36:22","date_gmt":"2025-03-19T15:36:22","guid":{"rendered":"https:\/\/www.jobs.xskillup.com\/?page_id=10"},"modified":"2025-03-19T15:48:25","modified_gmt":"2025-03-19T15:48:25","slug":"politica-de-privacidade","status":"publish","type":"page","link":"https:\/\/www.jobs.xskillup.com\/es\/politica-de-privacidade\/","title":{"rendered":"pol\u00edtica de privacidad"},"content":{"rendered":"<header class=\"entry-header ast-no-thumbnail\">\n<h1 class=\"entry-title\"><\/h1>\n<\/header>\n<div class=\"entry-content clear\">\n<p>S\u00f3lo solicitamos informaci\u00f3n personal cuando realmente la necesitamos para brindarle un servicio. Lo hacemos por medios justos y legales, con su conocimiento y consentimiento. Tambi\u00e9n le informamos por qu\u00e9 la recopilamos y c\u00f3mo se utilizar\u00e1 esta informaci\u00f3n.<\/p>\n<p><strong>Retenci\u00f3n de datos<\/strong><\/p>\n<p>Solo conservamos la informaci\u00f3n recopilada durante el tiempo que sea necesario para brindarle el servicio solicitado. Los datos que almacenamos los protegeremos mediante medios comercialmente aceptables para evitar p\u00e9rdida, robo, acceso no autorizado, divulgaci\u00f3n, copia, uso o modificaci\u00f3n.<\/p>\n<p><strong>Intercambio de informaci\u00f3n<\/strong><\/p>\n<p>No compartimos ning\u00fan dato de identificaci\u00f3n personal p\u00fablicamente ni con terceros, excepto cuando lo exige la ley.<\/p>\n<p><strong>Enlaces a sitios externos<\/strong><\/p>\n<p>Nuestro sitio web puede contener enlaces a sitios web externos que no son operados por nosotros. Tenga en cuenta que no tenemos control sobre el contenido y las pr\u00e1cticas de estos sitios y no podemos aceptar responsabilidad alguna por sus respectivas pol\u00edticas de privacidad.<\/p>\n<p><strong>Rechazo y aceptaci\u00f3n de informaci\u00f3n<\/strong><\/p>\n<p>Usted es libre de rechazar nuestra solicitud de su informaci\u00f3n personal, con el entendimiento de que es posible que no podamos brindarle algunos de los servicios deseados. Su uso continuo de nuestro sitio web se considerar\u00e1 como aceptaci\u00f3n de nuestras pr\u00e1cticas en torno a la privacidad e informaci\u00f3n personal. Si tiene alguna pregunta sobre c\u00f3mo manejamos los datos de los usuarios y la informaci\u00f3n personal, comun\u00edquese con nosotros.<\/p>\n<p><strong>Publicidad y cookies<\/strong><\/p>\n<p>El servicio Google AdSense que utilizamos para mostrar publicidad utiliza una cookie de DoubleClick para mostrar anuncios m\u00e1s relevantes en la web y limitar la cantidad de veces que se le muestra un anuncio. Para obtener m\u00e1s informaci\u00f3n sobre Google AdSense, consulte las preguntas frecuentes oficiales sobre privacidad de Google AdSense.<\/p>\n<p>Utilizamos anuncios para compensar los costos de funcionamiento de este sitio web y proporcionar fondos para el desarrollo futuro. Las cookies de publicidad comportamental que utiliza este sitio web est\u00e1n dise\u00f1adas para garantizar que reciba anuncios m\u00e1s relevantes mediante el seguimiento an\u00f3nimo de sus intereses.<\/p>\n<p>Varios socios hacen publicidad en nuestro nombre, y las cookies de seguimiento de afiliados simplemente nos permiten ver si nuestros clientes han llegado al sitio a trav\u00e9s de uno de los sitios de nuestros socios para que podamos acreditarlos adecuadamente.<\/p>\n<p><strong>Compromiso del usuario<\/strong><\/p>\n<p>El usuario se compromete a hacer un uso adecuado de los contenidos e informaci\u00f3n que cestaapp.com ofrece en el sitio web, y con car\u00e1cter enunciativo pero no limitativo:<\/p>\n<ul>\n<li>No incurrir en actividades ilegales o contrarias a la buena fe y al orden p\u00fablico;<\/li>\n<li>No difundir propaganda o contenidos de car\u00e1cter racista, xen\u00f3fobo, cualquier tipo de pornograf\u00eda ilegal, de apolog\u00eda del terrorismo o atentatorio contra los derechos humanos;<\/li>\n<li>No provocar da\u00f1os en los sistemas f\u00edsicos (hardware) y l\u00f3gicos (software) de cestaapp.com, de sus proveedores o de terceros.<\/li>\n<\/ul>\n<p><strong>M\u00e1s informaci\u00f3n<\/strong><\/p>\n<p>Esperamos que esta pol\u00edtica haya aclarado las cosas para usted y, como se mencion\u00f3 anteriormente, si hay algo que no est\u00e1 seguro si necesita o no, generalmente es m\u00e1s seguro dejar las cookies habilitadas en caso de que interact\u00fae con una de las funciones que utiliza en nuestro sitio.<\/p>\n<p>Esta pol\u00edtica entra en vigor a partir de<strong>\u00a02025<\/strong><\/p>\n<\/div>","protected":false},"excerpt":{"rendered":"<p>Solicitamos informa\u00e7\u00f5es pessoais apenas quando realmente precisamos delas para lhe fornecer um servi\u00e7o. Fazemo-lo por meios justos e legais, com [&hellip;]<\/p>","protected":false},"author":1,"featured_media":0,"parent":0,"menu_order":0,"comment_status":"closed","ping_status":"closed","template":"","meta":{"site-sidebar-layout":"default","site-content-layout":"","ast-site-content-layout":"default","site-content-style":"default","site-sidebar-style":"default","ast-global-header-display":"","ast-banner-title-visibility":"","ast-main-header-display":"","ast-hfb-above-header-display":"","ast-hfb-below-header-display":"","ast-hfb-mobile-header-display":"","site-post-title":"","ast-breadcrumbs-content":"","ast-featured-img":"","footer-sml-layout":"","theme-transparent-header-meta":"default","adv-header-id-meta":"","stick-header-meta":"","header-above-stick-meta":"","header-main-stick-meta":"","header-below-stick-meta":"","astra-migrate-meta-layouts":"set","ast-page-background-enabled":"default","ast-page-background-meta":{"desktop":{"background-color":"var(--ast-global-color-5)","background-image":"","background-repeat":"repeat","background-position":"center center","background-size":"auto","background-attachment":"scroll","background-type":"","background-media":"","overlay-type":"","overlay-color":"","overlay-opacity":"","overlay-gradient":""},"tablet":{"background-color":"","background-image":"","background-repeat":"repeat","background-position":"center center","background-size":"auto","background-attachment":"scroll","background-type":"","background-media":"","overlay-type":"","overlay-color":"","overlay-opacity":"","overlay-gradient":""},"mobile":{"background-color":"","background-image":"","background-repeat":"repeat","background-position":"center center","background-size":"auto","background-attachment":"scroll","background-type":"","background-media":"","overlay-type":"","overlay-color":"","overlay-opacity":"","overlay-gradient":""}},"ast-content-background-meta":{"desktop":{"background-color":"var(--ast-global-color-4)","background-image":"","background-repeat":"repeat","background-position":"center center","background-size":"auto","background-attachment":"scroll","background-type":"","background-media":"","overlay-type":"","overlay-color":"","overlay-opacity":"","overlay-gradient":""},"tablet":{"background-color":"var(--ast-global-color-4)","background-image":"","background-repeat":"repeat","background-position":"center center","background-size":"auto","background-attachment":"scroll","background-type":"","background-media":"","overlay-type":"","overlay-color":"","overlay-opacity":"","overlay-gradient":""},"mobile":{"background-color":"var(--ast-global-color-4)","background-image":"","background-repeat":"repeat","background-position":"center center","background-size":"auto","background-attachment":"scroll","background-type":"","background-media":"","overlay-type":"","overlay-color":"","overlay-opacity":"","overlay-gradient":""}},"footnotes":""},"class_list":["post-10","page","type-page","status-publish","hentry"],"yoast_head":"<!-- This site is optimized with the Yoast SEO plugin v24.9 - https:\/\/yoast.com\/wordpress\/plugins\/seo\/ -->\n<title>Pol\u00edtica de Privacidade - xskillup<\/title>\n<meta name=\"robots\" content=\"index, follow, max-snippet:-1, max-image-preview:large, max-video-preview:-1\" \/>\n<link rel=\"canonical\" href=\"https:\/\/www.jobs.xskillup.com\/es\/politica-de-privacidade\/\" \/>\n<meta property=\"og:locale\" content=\"es_ES\" \/>\n<meta property=\"og:type\" content=\"article\" \/>\n<meta property=\"og:title\" content=\"Pol\u00edtica de Privacidade - xskillup\" \/>\n<meta property=\"og:description\" content=\"Solicitamos informa\u00e7\u00f5es pessoais apenas quando realmente precisamos delas para lhe fornecer um servi\u00e7o. Fazemo-lo por meios justos e legais, com [&hellip;]\" \/>\n<meta property=\"og:url\" content=\"https:\/\/www.jobs.xskillup.com\/es\/politica-de-privacidade\/\" \/>\n<meta property=\"og:site_name\" content=\"xskillup\" \/>\n<meta property=\"article:modified_time\" content=\"2025-03-19T15:48:25+00:00\" \/>\n<meta name=\"twitter:card\" content=\"summary_large_image\" \/>\n<meta name=\"twitter:label1\" content=\"Tiempo de lectura\" \/>\n\t<meta name=\"twitter:data1\" content=\"3 minutos\" \/>\n<script type=\"application\/ld+json\" class=\"yoast-schema-graph\">{\"@context\":\"https:\/\/schema.org\",\"@graph\":[{\"@type\":\"WebPage\",\"@id\":\"https:\/\/www.jobs.xskillup.com\/politica-de-privacidade\/\",\"url\":\"https:\/\/www.jobs.xskillup.com\/politica-de-privacidade\/\",\"name\":\"Pol\u00edtica de Privacidade - xskillup\",\"isPartOf\":{\"@id\":\"https:\/\/www.jobs.xskillup.com\/#website\"},\"datePublished\":\"2025-03-19T15:36:22+00:00\",\"dateModified\":\"2025-03-19T15:48:25+00:00\",\"breadcrumb\":{\"@id\":\"https:\/\/www.jobs.xskillup.com\/politica-de-privacidade\/#breadcrumb\"},\"inLanguage\":\"es\",\"potentialAction\":[{\"@type\":\"ReadAction\",\"target\":[\"https:\/\/www.jobs.xskillup.com\/politica-de-privacidade\/\"]}]},{\"@type\":\"BreadcrumbList\",\"@id\":\"https:\/\/www.jobs.xskillup.com\/politica-de-privacidade\/#breadcrumb\",\"itemListElement\":[{\"@type\":\"ListItem\",\"position\":1,\"name\":\"In\u00edcio\",\"item\":\"https:\/\/www.jobs.xskillup.com\/\"},{\"@type\":\"ListItem\",\"position\":2,\"name\":\"Pol\u00edtica de Privacidade\"}]},{\"@type\":\"WebSite\",\"@id\":\"https:\/\/www.jobs.xskillup.com\/#website\",\"url\":\"https:\/\/www.jobs.xskillup.com\/\",\"name\":\"xskillup\",\"description\":\"Bem-vindo\",\"publisher\":{\"@id\":\"https:\/\/www.jobs.xskillup.com\/#organization\"},\"potentialAction\":[{\"@type\":\"SearchAction\",\"target\":{\"@type\":\"EntryPoint\",\"urlTemplate\":\"https:\/\/www.jobs.xskillup.com\/?s={search_term_string}\"},\"query-input\":{\"@type\":\"PropertyValueSpecification\",\"valueRequired\":true,\"valueName\":\"search_term_string\"}}],\"inLanguage\":\"es\"},{\"@type\":\"Organization\",\"@id\":\"https:\/\/www.jobs.xskillup.com\/#organization\",\"name\":\"xskillup\",\"url\":\"https:\/\/www.jobs.xskillup.com\/\",\"logo\":{\"@type\":\"ImageObject\",\"inLanguage\":\"es\",\"@id\":\"https:\/\/www.jobs.xskillup.com\/#\/schema\/logo\/image\/\",\"url\":\"https:\/\/www.jobs.xskillup.com\/wp-content\/uploads\/2025\/03\/origami.png\",\"contentUrl\":\"https:\/\/www.jobs.xskillup.com\/wp-content\/uploads\/2025\/03\/origami.png\",\"width\":512,\"height\":512,\"caption\":\"xskillup\"},\"image\":{\"@id\":\"https:\/\/www.jobs.xskillup.com\/#\/schema\/logo\/image\/\"}}]}<\/script>\n<!-- \/ Yoast SEO plugin. -->","yoast_head_json":{"title":"Pol\u00edtica de Privacidade - xskillup","robots":{"index":"index","follow":"follow","max-snippet":"max-snippet:-1","max-image-preview":"max-image-preview:large","max-video-preview":"max-video-preview:-1"},"canonical":"https:\/\/www.jobs.xskillup.com\/es\/politica-de-privacidade\/","og_locale":"es_ES","og_type":"article","og_title":"Pol\u00edtica de Privacidade - xskillup","og_description":"Solicitamos informa\u00e7\u00f5es pessoais apenas quando realmente precisamos delas para lhe fornecer um servi\u00e7o. Fazemo-lo por meios justos e legais, com [&hellip;]","og_url":"https:\/\/www.jobs.xskillup.com\/es\/politica-de-privacidade\/","og_site_name":"xskillup","article_modified_time":"2025-03-19T15:48:25+00:00","twitter_card":"summary_large_image","twitter_misc":{"Tiempo de lectura":"3 minutos"},"schema":{"@context":"https:\/\/schema.org","@graph":[{"@type":"WebPage","@id":"https:\/\/www.jobs.xskillup.com\/politica-de-privacidade\/","url":"https:\/\/www.jobs.xskillup.com\/politica-de-privacidade\/","name":"Pol\u00edtica de Privacidade - xskillup","isPartOf":{"@id":"https:\/\/www.jobs.xskillup.com\/#website"},"datePublished":"2025-03-19T15:36:22+00:00","dateModified":"2025-03-19T15:48:25+00:00","breadcrumb":{"@id":"https:\/\/www.jobs.xskillup.com\/politica-de-privacidade\/#breadcrumb"},"inLanguage":"es","potentialAction":[{"@type":"ReadAction","target":["https:\/\/www.jobs.xskillup.com\/politica-de-privacidade\/"]}]},{"@type":"BreadcrumbList","@id":"https:\/\/www.jobs.xskillup.com\/politica-de-privacidade\/#breadcrumb","itemListElement":[{"@type":"ListItem","position":1,"name":"In\u00edcio","item":"https:\/\/www.jobs.xskillup.com\/"},{"@type":"ListItem","position":2,"name":"Pol\u00edtica de Privacidade"}]},{"@type":"WebSite","@id":"https:\/\/www.jobs.xskillup.com\/#website","url":"https:\/\/www.jobs.xskillup.com\/","name":"xskillup","description":"Bem-vindo","publisher":{"@id":"https:\/\/www.jobs.xskillup.com\/#organization"},"potentialAction":[{"@type":"SearchAction","target":{"@type":"EntryPoint","urlTemplate":"https:\/\/www.jobs.xskillup.com\/?s={search_term_string}"},"query-input":{"@type":"PropertyValueSpecification","valueRequired":true,"valueName":"search_term_string"}}],"inLanguage":"es"},{"@type":"Organization","@id":"https:\/\/www.jobs.xskillup.com\/#organization","name":"xskillup","url":"https:\/\/www.jobs.xskillup.com\/","logo":{"@type":"ImageObject","inLanguage":"es","@id":"https:\/\/www.jobs.xskillup.com\/#\/schema\/logo\/image\/","url":"https:\/\/www.jobs.xskillup.com\/wp-content\/uploads\/2025\/03\/origami.png","contentUrl":"https:\/\/www.jobs.xskillup.com\/wp-content\/uploads\/2025\/03\/origami.png","width":512,"height":512,"caption":"xskillup"},"image":{"@id":"https:\/\/www.jobs.xskillup.com\/#\/schema\/logo\/image\/"}}]}},"_links":{"self":[{"href":"https:\/\/www.jobs.xskillup.com\/es\/wp-json\/wp\/v2\/pages\/10","targetHints":{"allow":["GET"]}}],"collection":[{"href":"https:\/\/www.jobs.xskillup.com\/es\/wp-json\/wp\/v2\/pages"}],"about":[{"href":"https:\/\/www.jobs.xskillup.com\/es\/wp-json\/wp\/v2\/types\/page"}],"author":[{"embeddable":true,"href":"https:\/\/www.jobs.xskillup.com\/es\/wp-json\/wp\/v2\/users\/1"}],"replies":[{"embeddable":true,"href":"https:\/\/www.jobs.xskillup.com\/es\/wp-json\/wp\/v2\/comments?post=10"}],"version-history":[{"count":2,"href":"https:\/\/www.jobs.xskillup.com\/es\/wp-json\/wp\/v2\/pages\/10\/revisions"}],"predecessor-version":[{"id":20,"href":"https:\/\/www.jobs.xskillup.com\/es\/wp-json\/wp\/v2\/pages\/10\/revisions\/20"}],"wp:attachment":[{"href":"https:\/\/www.jobs.xskillup.com\/es\/wp-json\/wp\/v2\/media?parent=10"}],"curies":[{"name":"wp","href":"https:\/\/api.w.org\/{rel}","templated":true}]}}