{"id":16,"date":"2025-03-19T15:37:25","date_gmt":"2025-03-19T15:37:25","guid":{"rendered":"https:\/\/www.jobs.xskillup.com\/?page_id=16"},"modified":"2025-03-19T15:40:04","modified_gmt":"2025-03-19T15:40:04","slug":"termos-de-uso","status":"publish","type":"page","link":"https:\/\/www.jobs.xskillup.com\/es\/termos-de-uso\/","title":{"rendered":"Condiciones de uso"},"content":{"rendered":"<p>Al acceder al sitio web\u00a0<strong>empleos.xskillup.com<\/strong>, usted acepta cumplir con estos t\u00e9rminos de servicio, todas las leyes y regulaciones aplicables, y es responsable del cumplimiento de todas las leyes locales aplicables. Si no est\u00e1 de acuerdo con alguno de estos t\u00e9rminos, se le proh\u00edbe utilizar o acceder a este sitio. Los materiales contenidos en este sitio web est\u00e1n protegidos por las leyes de derechos de autor y marcas registradas aplicables.<\/p>\n<h4>Licencia de uso<\/h4>\n<p>Se concede permiso para acceder y utilizar los materiales (informaci\u00f3n, listas de trabajo, software u otro contenido) del Sitio.\u00a0<strong>empleos.xskillup.com<\/strong>, s\u00f3lo para uso personal y no comercial. Esta es la concesi\u00f3n de una licencia, no una transferencia de t\u00edtulo, y bajo esta licencia usted no puede:<\/p>\n<ul>\n<li>Modificar o copiar los materiales;<\/li>\n<li>Utilizar los materiales para cualquier prop\u00f3sito comercial o para cualquier exhibici\u00f3n p\u00fablica (comercial o no comercial);<\/li>\n<li>Intentar descompilar o realizar ingenier\u00eda inversa a cualquier software contenido en el sitio web;<\/li>\n<li>Eliminar cualquier copyright u otras notaciones de propiedad de los materiales;<\/li>\n<li>Transferir los materiales a otra persona o \u201cduplicar\u201d los materiales en cualquier otro servidor.<\/li>\n<\/ul>\n<p>Esta licencia terminar\u00e1 autom\u00e1ticamente si usted viola cualquiera de estas restricciones y podr\u00e1 ser revocada por\u00a0<strong>empleos.xskillup.com<\/strong>\u00a0en cualquier momento. Al finalizar la visualizaci\u00f3n de estos materiales o al finalizar esta licencia, deber\u00e1 destruir cualquier material descargado que se encuentre en su posesi\u00f3n, ya sea en formato electr\u00f3nico o impreso.<\/p>\n<h4>Descargo de responsabilidad<\/h4>\n<p>Los materiales del sitio web\u00a0<strong>empleos.xskillup.com<\/strong>\u00a0se proporcionan \u201ctal cual\u201d. El sitio web no ofrece garant\u00edas, expresas o impl\u00edcitas, y por la presente renuncia y niega todas las dem\u00e1s garant\u00edas, incluidas, entre otras, las garant\u00edas o condiciones impl\u00edcitas de comerciabilidad, idoneidad para un prop\u00f3sito particular o no infracci\u00f3n de la propiedad intelectual u otra violaci\u00f3n de derechos. Adem\u00e1s,\u00a0<strong>empleos.xskillup.com<\/strong>\u00a0no garantiza ni hace ninguna declaraci\u00f3n sobre la precisi\u00f3n, los resultados probables o la confiabilidad del uso de los materiales en su sitio web o de otro modo relacionados con dichos materiales o en cualquier sitio vinculado a este sitio.<\/p>\n<h4>Limitaciones<\/h4>\n<p>En ning\u00fan caso\u00a0<strong>empleos.xskillup.com<\/strong>\u00a0o sus proveedores ser\u00e1n responsables de ning\u00fan da\u00f1o (incluidos, sin limitaci\u00f3n, da\u00f1os por p\u00e9rdida de datos o ganancias, o debido a la interrupci\u00f3n del negocio) que surja del uso o la imposibilidad de usar los materiales en el sitio web, incluso si\u00a0<strong>empleos.xskillup.com<\/strong>\u00a0o un representante autorizado haya sido notificado oralmente o por escrito de la posibilidad de tales da\u00f1os. Debido a que algunas jurisdicciones no permiten limitaciones en las garant\u00edas impl\u00edcitas o limitaciones de responsabilidad por da\u00f1os consecuentes o incidentales, estas limitaciones pueden no aplicarse en su caso.<\/p>\n<h4>Precisi\u00f3n de los materiales<\/h4>\n<p>Los materiales mostrados en el sitio web\u00a0<strong>empleos.xskillup.com<\/strong>\u00a0Puede incluir errores t\u00e9cnicos, tipogr\u00e1ficos o de contenido. El sitio web no garantiza que ning\u00fan material en su plataforma sea preciso, completo o actual.\u00a0<strong>empleos.xskillup.com<\/strong>\u00a0podr\u00e1 realizar cambios en los materiales contenidos en su sitio web en cualquier momento sin previo aviso. Sin embargo, el sitio web no se compromete a actualizar los materiales peri\u00f3dicamente.<\/p>\n<h4>Enlaces externos<\/h4>\n<p><strong>empleos.xskillup.com<\/strong>\u00a0no ha revisado todos los sitios vinculados a su sitio web y no es responsable del contenido de ninguno de dichos sitios vinculados. La inclusi\u00f3n de cualquier enlace no implica la aprobaci\u00f3n por parte de\u00a0<strong>empleos.xskillup.com<\/strong>\u00a0del sitio web. El uso de cualquier sitio web vinculado se realiza por cuenta y riesgo del usuario.<\/p>\n<h4>Modificaciones<\/h4>\n<p><strong>empleos.xskillup.com<\/strong>\u00a0Puede revisar estos t\u00e9rminos de servicio en cualquier momento sin previo aviso. Al utilizar este sitio web, usted acepta estar sujeto a la versi\u00f3n vigente en ese momento de estos t\u00e9rminos de servicio.<\/p>\n<h4>Ley aplicable<\/h4>\n<p>Estos t\u00e9rminos y condiciones se rigen e interpretan de conformidad con las leyes del pa\u00eds o regi\u00f3n donde se encuentran.\u00a0<strong>empleos.xskillup.com<\/strong>\u00a0tiene su sede y usted se somete irrevocablemente a la jurisdicci\u00f3n exclusiva de los tribunales de esa ubicaci\u00f3n.<\/p>\n<hr \/>\n<p><strong>\u00daltima actualizaci\u00f3n: 2025<\/strong><\/p>","protected":false},"excerpt":{"rendered":"<p>Ao acessar o site\u00a0jobs.xskillup.com, voc\u00ea concorda em cumprir estes termos de servi\u00e7o, todas as leis e regulamentos aplic\u00e1veis, e declara [&hellip;]<\/p>","protected":false},"author":1,"featured_media":0,"parent":0,"menu_order":0,"comment_status":"closed","ping_status":"closed","template":"","meta":{"site-sidebar-layout":"default","site-content-layout":"","ast-site-content-layout":"default","site-content-style":"default","site-sidebar-style":"default","ast-global-header-display":"","ast-banner-title-visibility":"","ast-main-header-display":"","ast-hfb-above-header-display":"","ast-hfb-below-header-display":"","ast-hfb-mobile-header-display":"","site-post-title":"","ast-breadcrumbs-content":"","ast-featured-img":"","footer-sml-layout":"","theme-transparent-header-meta":"default","adv-header-id-meta":"","stick-header-meta":"","header-above-stick-meta":"","header-main-stick-meta":"","header-below-stick-meta":"","astra-migrate-meta-layouts":"set","ast-page-background-enabled":"default","ast-page-background-meta":{"desktop":{"background-color":"var(--ast-global-color-5)","background-image":"","background-repeat":"repeat","background-position":"center center","background-size":"auto","background-attachment":"scroll","background-type":"","background-media":"","overlay-type":"","overlay-color":"","overlay-opacity":"","overlay-gradient":""},"tablet":{"background-color":"","background-image":"","background-repeat":"repeat","background-position":"center center","background-size":"auto","background-attachment":"scroll","background-type":"","background-media":"","overlay-type":"","overlay-color":"","overlay-opacity":"","overlay-gradient":""},"mobile":{"background-color":"","background-image":"","background-repeat":"repeat","background-position":"center center","background-size":"auto","background-attachment":"scroll","background-type":"","background-media":"","overlay-type":"","overlay-color":"","overlay-opacity":"","overlay-gradient":""}},"ast-content-background-meta":{"desktop":{"background-color":"var(--ast-global-color-4)","background-image":"","background-repeat":"repeat","background-position":"center center","background-size":"auto","background-attachment":"scroll","background-type":"","background-media":"","overlay-type":"","overlay-color":"","overlay-opacity":"","overlay-gradient":""},"tablet":{"background-color":"var(--ast-global-color-4)","background-image":"","background-repeat":"repeat","background-position":"center center","background-size":"auto","background-attachment":"scroll","background-type":"","background-media":"","overlay-type":"","overlay-color":"","overlay-opacity":"","overlay-gradient":""},"mobile":{"background-color":"var(--ast-global-color-4)","background-image":"","background-repeat":"repeat","background-position":"center center","background-size":"auto","background-attachment":"scroll","background-type":"","background-media":"","overlay-type":"","overlay-color":"","overlay-opacity":"","overlay-gradient":""}},"footnotes":""},"class_list":["post-16","page","type-page","status-publish","hentry"],"yoast_head":"<!-- This site is optimized with the Yoast SEO plugin v24.9 - https:\/\/yoast.com\/wordpress\/plugins\/seo\/ -->\n<title>Termos de uso - xskillup<\/title>\n<meta name=\"robots\" content=\"index, follow, max-snippet:-1, max-image-preview:large, max-video-preview:-1\" \/>\n<link rel=\"canonical\" href=\"https:\/\/www.jobs.xskillup.com\/es\/termos-de-uso\/\" \/>\n<meta property=\"og:locale\" content=\"es_ES\" \/>\n<meta property=\"og:type\" content=\"article\" \/>\n<meta property=\"og:title\" content=\"Termos de uso - xskillup\" \/>\n<meta property=\"og:description\" content=\"Ao acessar o site\u00a0jobs.xskillup.com, voc\u00ea concorda em cumprir estes termos de servi\u00e7o, todas as leis e regulamentos aplic\u00e1veis, e declara [&hellip;]\" \/>\n<meta property=\"og:url\" content=\"https:\/\/www.jobs.xskillup.com\/es\/termos-de-uso\/\" \/>\n<meta property=\"og:site_name\" content=\"xskillup\" \/>\n<meta property=\"article:modified_time\" content=\"2025-03-19T15:40:04+00:00\" \/>\n<meta name=\"twitter:card\" content=\"summary_large_image\" \/>\n<meta name=\"twitter:label1\" content=\"Tiempo de lectura\" \/>\n\t<meta name=\"twitter:data1\" content=\"4 minutos\" \/>\n<script type=\"application\/ld+json\" class=\"yoast-schema-graph\">{\"@context\":\"https:\/\/schema.org\",\"@graph\":[{\"@type\":\"WebPage\",\"@id\":\"https:\/\/www.jobs.xskillup.com\/termos-de-uso\/\",\"url\":\"https:\/\/www.jobs.xskillup.com\/termos-de-uso\/\",\"name\":\"Termos de uso - xskillup\",\"isPartOf\":{\"@id\":\"https:\/\/www.jobs.xskillup.com\/#website\"},\"datePublished\":\"2025-03-19T15:37:25+00:00\",\"dateModified\":\"2025-03-19T15:40:04+00:00\",\"breadcrumb\":{\"@id\":\"https:\/\/www.jobs.xskillup.com\/termos-de-uso\/#breadcrumb\"},\"inLanguage\":\"es\",\"potentialAction\":[{\"@type\":\"ReadAction\",\"target\":[\"https:\/\/www.jobs.xskillup.com\/termos-de-uso\/\"]}]},{\"@type\":\"BreadcrumbList\",\"@id\":\"https:\/\/www.jobs.xskillup.com\/termos-de-uso\/#breadcrumb\",\"itemListElement\":[{\"@type\":\"ListItem\",\"position\":1,\"name\":\"In\u00edcio\",\"item\":\"https:\/\/www.jobs.xskillup.com\/\"},{\"@type\":\"ListItem\",\"position\":2,\"name\":\"Termos de uso\"}]},{\"@type\":\"WebSite\",\"@id\":\"https:\/\/www.jobs.xskillup.com\/#website\",\"url\":\"https:\/\/www.jobs.xskillup.com\/\",\"name\":\"xskillup\",\"description\":\"Bem-vindo\",\"publisher\":{\"@id\":\"https:\/\/www.jobs.xskillup.com\/#organization\"},\"potentialAction\":[{\"@type\":\"SearchAction\",\"target\":{\"@type\":\"EntryPoint\",\"urlTemplate\":\"https:\/\/www.jobs.xskillup.com\/?s={search_term_string}\"},\"query-input\":{\"@type\":\"PropertyValueSpecification\",\"valueRequired\":true,\"valueName\":\"search_term_string\"}}],\"inLanguage\":\"es\"},{\"@type\":\"Organization\",\"@id\":\"https:\/\/www.jobs.xskillup.com\/#organization\",\"name\":\"xskillup\",\"url\":\"https:\/\/www.jobs.xskillup.com\/\",\"logo\":{\"@type\":\"ImageObject\",\"inLanguage\":\"es\",\"@id\":\"https:\/\/www.jobs.xskillup.com\/#\/schema\/logo\/image\/\",\"url\":\"https:\/\/www.jobs.xskillup.com\/wp-content\/uploads\/2025\/03\/origami.png\",\"contentUrl\":\"https:\/\/www.jobs.xskillup.com\/wp-content\/uploads\/2025\/03\/origami.png\",\"width\":512,\"height\":512,\"caption\":\"xskillup\"},\"image\":{\"@id\":\"https:\/\/www.jobs.xskillup.com\/#\/schema\/logo\/image\/\"}}]}<\/script>\n<!-- \/ Yoast SEO plugin. -->","yoast_head_json":{"title":"Termos de uso - xskillup","robots":{"index":"index","follow":"follow","max-snippet":"max-snippet:-1","max-image-preview":"max-image-preview:large","max-video-preview":"max-video-preview:-1"},"canonical":"https:\/\/www.jobs.xskillup.com\/es\/termos-de-uso\/","og_locale":"es_ES","og_type":"article","og_title":"Termos de uso - xskillup","og_description":"Ao acessar o site\u00a0jobs.xskillup.com, voc\u00ea concorda em cumprir estes termos de servi\u00e7o, todas as leis e regulamentos aplic\u00e1veis, e declara [&hellip;]","og_url":"https:\/\/www.jobs.xskillup.com\/es\/termos-de-uso\/","og_site_name":"xskillup","article_modified_time":"2025-03-19T15:40:04+00:00","twitter_card":"summary_large_image","twitter_misc":{"Tiempo de lectura":"4 minutos"},"schema":{"@context":"https:\/\/schema.org","@graph":[{"@type":"WebPage","@id":"https:\/\/www.jobs.xskillup.com\/termos-de-uso\/","url":"https:\/\/www.jobs.xskillup.com\/termos-de-uso\/","name":"Termos de uso - xskillup","isPartOf":{"@id":"https:\/\/www.jobs.xskillup.com\/#website"},"datePublished":"2025-03-19T15:37:25+00:00","dateModified":"2025-03-19T15:40:04+00:00","breadcrumb":{"@id":"https:\/\/www.jobs.xskillup.com\/termos-de-uso\/#breadcrumb"},"inLanguage":"es","potentialAction":[{"@type":"ReadAction","target":["https:\/\/www.jobs.xskillup.com\/termos-de-uso\/"]}]},{"@type":"BreadcrumbList","@id":"https:\/\/www.jobs.xskillup.com\/termos-de-uso\/#breadcrumb","itemListElement":[{"@type":"ListItem","position":1,"name":"In\u00edcio","item":"https:\/\/www.jobs.xskillup.com\/"},{"@type":"ListItem","position":2,"name":"Termos de uso"}]},{"@type":"WebSite","@id":"https:\/\/www.jobs.xskillup.com\/#website","url":"https:\/\/www.jobs.xskillup.com\/","name":"xskillup","description":"Bem-vindo","publisher":{"@id":"https:\/\/www.jobs.xskillup.com\/#organization"},"potentialAction":[{"@type":"SearchAction","target":{"@type":"EntryPoint","urlTemplate":"https:\/\/www.jobs.xskillup.com\/?s={search_term_string}"},"query-input":{"@type":"PropertyValueSpecification","valueRequired":true,"valueName":"search_term_string"}}],"inLanguage":"es"},{"@type":"Organization","@id":"https:\/\/www.jobs.xskillup.com\/#organization","name":"xskillup","url":"https:\/\/www.jobs.xskillup.com\/","logo":{"@type":"ImageObject","inLanguage":"es","@id":"https:\/\/www.jobs.xskillup.com\/#\/schema\/logo\/image\/","url":"https:\/\/www.jobs.xskillup.com\/wp-content\/uploads\/2025\/03\/origami.png","contentUrl":"https:\/\/www.jobs.xskillup.com\/wp-content\/uploads\/2025\/03\/origami.png","width":512,"height":512,"caption":"xskillup"},"image":{"@id":"https:\/\/www.jobs.xskillup.com\/#\/schema\/logo\/image\/"}}]}},"_links":{"self":[{"href":"https:\/\/www.jobs.xskillup.com\/es\/wp-json\/wp\/v2\/pages\/16","targetHints":{"allow":["GET"]}}],"collection":[{"href":"https:\/\/www.jobs.xskillup.com\/es\/wp-json\/wp\/v2\/pages"}],"about":[{"href":"https:\/\/www.jobs.xskillup.com\/es\/wp-json\/wp\/v2\/types\/page"}],"author":[{"embeddable":true,"href":"https:\/\/www.jobs.xskillup.com\/es\/wp-json\/wp\/v2\/users\/1"}],"replies":[{"embeddable":true,"href":"https:\/\/www.jobs.xskillup.com\/es\/wp-json\/wp\/v2\/comments?post=16"}],"version-history":[{"count":2,"href":"https:\/\/www.jobs.xskillup.com\/es\/wp-json\/wp\/v2\/pages\/16\/revisions"}],"predecessor-version":[{"id":18,"href":"https:\/\/www.jobs.xskillup.com\/es\/wp-json\/wp\/v2\/pages\/16\/revisions\/18"}],"wp:attachment":[{"href":"https:\/\/www.jobs.xskillup.com\/es\/wp-json\/wp\/v2\/media?parent=16"}],"curies":[{"name":"wp","href":"https:\/\/api.w.org\/{rel}","templated":true}]}}