{"id":14,"date":"2025-03-19T15:37:06","date_gmt":"2025-03-19T15:37:06","guid":{"rendered":"https:\/\/www.jobs.xskillup.com\/?page_id=14"},"modified":"2025-03-19T15:47:40","modified_gmt":"2025-03-19T15:47:40","slug":"sobre-nos","status":"publish","type":"page","link":"https:\/\/www.jobs.xskillup.com\/fi\/sobre-nos\/","title":{"rendered":"Tietoja meist\u00e4"},"content":{"rendered":"<p>Solmu\u00a0<strong>jobs.xskillup.com<\/strong>, emme ole vain tiedotusalusta. Olemme kumppani, joka on sitoutunut auttamaan sinua l\u00f6yt\u00e4m\u00e4\u00e4n k\u00e4yt\u00e4nn\u00f6llisi\u00e4 ja tehokkaita tapoja edist\u00e4\u00e4 uraasi. Haluamme sinun tutkivan ty\u00f6mahdollisuuksia, oppivan henkil\u00f6kohtaisesta rahoituksesta ja omaksuvan tapoja, jotka edist\u00e4v\u00e4t ty\u00f6n ja yksityisel\u00e4m\u00e4n tasapainoa. Uskomme, ett\u00e4 selke\u00e4n ja hy\u00f6dyllisen tiedon saanti on avain vauraampaan, tuottavampaan ja t\u00e4ytel\u00e4isemp\u00e4\u00e4n uraan.<\/p>\n<p>Mutta intohimomme ylitt\u00e4\u00e4 pelk\u00e4n tiedon jakamisen. Olemme t\u00e4\u00e4ll\u00e4\u00a0<strong>antaa sinulle voimaa<\/strong>\u00a0tee \u00e4lykk\u00e4\u00e4mpi\u00e4 p\u00e4\u00e4t\u00f6ksi\u00e4, optimoi taitojasi ja tutki uusia mahdollisuuksia saavuttaa ammatilliset tavoitteesi. Haluamme olla silta, joka yhdist\u00e4\u00e4 sinut valoisaan tulevaisuuteen.<\/p>\n<hr \/>\n<h3>Teht\u00e4v\u00e4mme:<\/h3>\n<p>Tavoitteenamme on tarjota kattava katsaus ammatillisen kasvusi keskeisiin alueisiin. Tehokkaan ansioluettelon kirjoittamisen vinkeist\u00e4 haastatteluihin valmistautumiseen ja palkkaneuvotteluihin liittyviin ohjeisiin \u2013 missiomme on olla\u00a0<strong>luotettava l\u00e4hde<\/strong>\u00a0tietoa, jonka avulla voit muuttaa uraasi.<\/p>\n<p>Olemme aina tietoisia ty\u00f6markkinoiden trendeist\u00e4 ja tuomme asiaankuuluvaa ja ajankohtaista sis\u00e4lt\u00f6\u00e4 ammatillisista mahdollisuuksista, osaamisen kehitt\u00e4misest\u00e4 ja urasuunnittelusta. Haluamme, ett\u00e4 sinulla on kaikki mit\u00e4 tarvitset erottuaksesi joukosta.<\/p>\n<hr \/>\n<h3>Mit\u00e4 tarjoamme:<\/h3>\n<p>\u2705\u00a0<strong>Vinkkej\u00e4 avoimiin ty\u00f6paikkoihin:<\/strong>\u00a0Jaamme ty\u00f6mahdollisuuksia ja opastusta parhaiden ty\u00f6paikkojen l\u00f6yt\u00e4miseen, erottuvien ansioluetteloiden luomiseen ja valintaprosesseihin valmistautumiseen.<\/p>\n<p>\u2705\u00a0<strong>Taloudellinen opastus ammattilaisille:<\/strong>\u00a0Selit\u00e4mme, kuinka voit hallita talouttasi, suunnitella investointeja ja tehd\u00e4 p\u00e4\u00e4t\u00f6ksi\u00e4, jotka edist\u00e4v\u00e4t taloudellista vakauttasi.<\/p>\n<p>\u2705\u00a0<strong>Hy\u00f6dyllisi\u00e4 ty\u00f6kaluja ja resursseja:<\/strong>\u00a0Autamme sinua l\u00f6yt\u00e4m\u00e4\u00e4n ty\u00f6kaluja ja sovelluksia, jotka helpottavat ty\u00f6nhakua, kehitt\u00e4v\u00e4t taitojasi ja j\u00e4rjest\u00e4v\u00e4t ty\u00f6el\u00e4m\u00e4\u00e4si.<\/p>\n<hr \/>\n<p>Solmu\u00a0<strong>jobs.xskillup.com<\/strong>, olemme omistautuneet olemaan enemm\u00e4n kuin verkkosivusto. Haluamme olla oppaasi tasapainoisempaan, vauraampaan ja t\u00e4ytel\u00e4isemp\u00e4\u00e4n uraan. Liity joukkoomme ja koe kuinka pienet muutokset voivat johtaa suuriin muutoksiin ammatillisella urallasi.<\/p>","protected":false},"excerpt":{"rendered":"<p>No\u00a0jobs.xskillup.com, n\u00e3o somos apenas uma plataforma de informa\u00e7\u00f5es. Somos um parceiro comprometido em ajudar voc\u00ea a descobrir maneiras pr\u00e1ticas e [&hellip;]<\/p>","protected":false},"author":1,"featured_media":0,"parent":0,"menu_order":0,"comment_status":"closed","ping_status":"closed","template":"","meta":{"site-sidebar-layout":"default","site-content-layout":"","ast-site-content-layout":"default","site-content-style":"default","site-sidebar-style":"default","ast-global-header-display":"","ast-banner-title-visibility":"","ast-main-header-display":"","ast-hfb-above-header-display":"","ast-hfb-below-header-display":"","ast-hfb-mobile-header-display":"","site-post-title":"","ast-breadcrumbs-content":"","ast-featured-img":"","footer-sml-layout":"","theme-transparent-header-meta":"default","adv-header-id-meta":"","stick-header-meta":"","header-above-stick-meta":"","header-main-stick-meta":"","header-below-stick-meta":"","astra-migrate-meta-layouts":"set","ast-page-background-enabled":"default","ast-page-background-meta":{"desktop":{"background-color":"var(--ast-global-color-5)","background-image":"","background-repeat":"repeat","background-position":"center center","background-size":"auto","background-attachment":"scroll","background-type":"","background-media":"","overlay-type":"","overlay-color":"","overlay-opacity":"","overlay-gradient":""},"tablet":{"background-color":"","background-image":"","background-repeat":"repeat","background-position":"center center","background-size":"auto","background-attachment":"scroll","background-type":"","background-media":"","overlay-type":"","overlay-color":"","overlay-opacity":"","overlay-gradient":""},"mobile":{"background-color":"","background-image":"","background-repeat":"repeat","background-position":"center center","background-size":"auto","background-attachment":"scroll","background-type":"","background-media":"","overlay-type":"","overlay-color":"","overlay-opacity":"","overlay-gradient":""}},"ast-content-background-meta":{"desktop":{"background-color":"var(--ast-global-color-4)","background-image":"","background-repeat":"repeat","background-position":"center center","background-size":"auto","background-attachment":"scroll","background-type":"","background-media":"","overlay-type":"","overlay-color":"","overlay-opacity":"","overlay-gradient":""},"tablet":{"background-color":"var(--ast-global-color-4)","background-image":"","background-repeat":"repeat","background-position":"center center","background-size":"auto","background-attachment":"scroll","background-type":"","background-media":"","overlay-type":"","overlay-color":"","overlay-opacity":"","overlay-gradient":""},"mobile":{"background-color":"var(--ast-global-color-4)","background-image":"","background-repeat":"repeat","background-position":"center center","background-size":"auto","background-attachment":"scroll","background-type":"","background-media":"","overlay-type":"","overlay-color":"","overlay-opacity":"","overlay-gradient":""}},"footnotes":""},"class_list":["post-14","page","type-page","status-publish","hentry"],"yoast_head":"<!-- This site is optimized with the Yoast SEO plugin v24.9 - https:\/\/yoast.com\/wordpress\/plugins\/seo\/ -->\n<title>Sobre n\u00f3s - xskillup<\/title>\n<meta name=\"robots\" content=\"index, follow, max-snippet:-1, max-image-preview:large, max-video-preview:-1\" \/>\n<link rel=\"canonical\" href=\"https:\/\/www.jobs.xskillup.com\/fi\/sobre-nos\/\" \/>\n<meta property=\"og:locale\" content=\"fi_FI\" \/>\n<meta property=\"og:type\" content=\"article\" \/>\n<meta property=\"og:title\" content=\"Sobre n\u00f3s - xskillup\" \/>\n<meta property=\"og:description\" content=\"No\u00a0jobs.xskillup.com, n\u00e3o somos apenas uma plataforma de informa\u00e7\u00f5es. Somos um parceiro comprometido em ajudar voc\u00ea a descobrir maneiras pr\u00e1ticas e [&hellip;]\" \/>\n<meta property=\"og:url\" content=\"https:\/\/www.jobs.xskillup.com\/fi\/sobre-nos\/\" \/>\n<meta property=\"og:site_name\" content=\"xskillup\" \/>\n<meta property=\"article:modified_time\" content=\"2025-03-19T15:47:40+00:00\" \/>\n<meta name=\"twitter:card\" content=\"summary_large_image\" \/>\n<script type=\"application\/ld+json\" class=\"yoast-schema-graph\">{\"@context\":\"https:\/\/schema.org\",\"@graph\":[{\"@type\":\"WebPage\",\"@id\":\"https:\/\/www.jobs.xskillup.com\/sobre-nos\/\",\"url\":\"https:\/\/www.jobs.xskillup.com\/sobre-nos\/\",\"name\":\"Sobre n\u00f3s - xskillup\",\"isPartOf\":{\"@id\":\"https:\/\/www.jobs.xskillup.com\/#website\"},\"datePublished\":\"2025-03-19T15:37:06+00:00\",\"dateModified\":\"2025-03-19T15:47:40+00:00\",\"breadcrumb\":{\"@id\":\"https:\/\/www.jobs.xskillup.com\/sobre-nos\/#breadcrumb\"},\"inLanguage\":\"fi\",\"potentialAction\":[{\"@type\":\"ReadAction\",\"target\":[\"https:\/\/www.jobs.xskillup.com\/sobre-nos\/\"]}]},{\"@type\":\"BreadcrumbList\",\"@id\":\"https:\/\/www.jobs.xskillup.com\/sobre-nos\/#breadcrumb\",\"itemListElement\":[{\"@type\":\"ListItem\",\"position\":1,\"name\":\"In\u00edcio\",\"item\":\"https:\/\/www.jobs.xskillup.com\/\"},{\"@type\":\"ListItem\",\"position\":2,\"name\":\"Sobre n\u00f3s\"}]},{\"@type\":\"WebSite\",\"@id\":\"https:\/\/www.jobs.xskillup.com\/#website\",\"url\":\"https:\/\/www.jobs.xskillup.com\/\",\"name\":\"xskillup\",\"description\":\"Bem-vindo\",\"publisher\":{\"@id\":\"https:\/\/www.jobs.xskillup.com\/#organization\"},\"potentialAction\":[{\"@type\":\"SearchAction\",\"target\":{\"@type\":\"EntryPoint\",\"urlTemplate\":\"https:\/\/www.jobs.xskillup.com\/?s={search_term_string}\"},\"query-input\":{\"@type\":\"PropertyValueSpecification\",\"valueRequired\":true,\"valueName\":\"search_term_string\"}}],\"inLanguage\":\"fi\"},{\"@type\":\"Organization\",\"@id\":\"https:\/\/www.jobs.xskillup.com\/#organization\",\"name\":\"xskillup\",\"url\":\"https:\/\/www.jobs.xskillup.com\/\",\"logo\":{\"@type\":\"ImageObject\",\"inLanguage\":\"fi\",\"@id\":\"https:\/\/www.jobs.xskillup.com\/#\/schema\/logo\/image\/\",\"url\":\"https:\/\/www.jobs.xskillup.com\/wp-content\/uploads\/2025\/03\/origami.png\",\"contentUrl\":\"https:\/\/www.jobs.xskillup.com\/wp-content\/uploads\/2025\/03\/origami.png\",\"width\":512,\"height\":512,\"caption\":\"xskillup\"},\"image\":{\"@id\":\"https:\/\/www.jobs.xskillup.com\/#\/schema\/logo\/image\/\"}}]}<\/script>\n<!-- \/ Yoast SEO plugin. -->","yoast_head_json":{"title":"Sobre n\u00f3s - xskillup","robots":{"index":"index","follow":"follow","max-snippet":"max-snippet:-1","max-image-preview":"max-image-preview:large","max-video-preview":"max-video-preview:-1"},"canonical":"https:\/\/www.jobs.xskillup.com\/fi\/sobre-nos\/","og_locale":"fi_FI","og_type":"article","og_title":"Sobre n\u00f3s - xskillup","og_description":"No\u00a0jobs.xskillup.com, n\u00e3o somos apenas uma plataforma de informa\u00e7\u00f5es. Somos um parceiro comprometido em ajudar voc\u00ea a descobrir maneiras pr\u00e1ticas e [&hellip;]","og_url":"https:\/\/www.jobs.xskillup.com\/fi\/sobre-nos\/","og_site_name":"xskillup","article_modified_time":"2025-03-19T15:47:40+00:00","twitter_card":"summary_large_image","schema":{"@context":"https:\/\/schema.org","@graph":[{"@type":"WebPage","@id":"https:\/\/www.jobs.xskillup.com\/sobre-nos\/","url":"https:\/\/www.jobs.xskillup.com\/sobre-nos\/","name":"Sobre n\u00f3s - xskillup","isPartOf":{"@id":"https:\/\/www.jobs.xskillup.com\/#website"},"datePublished":"2025-03-19T15:37:06+00:00","dateModified":"2025-03-19T15:47:40+00:00","breadcrumb":{"@id":"https:\/\/www.jobs.xskillup.com\/sobre-nos\/#breadcrumb"},"inLanguage":"fi","potentialAction":[{"@type":"ReadAction","target":["https:\/\/www.jobs.xskillup.com\/sobre-nos\/"]}]},{"@type":"BreadcrumbList","@id":"https:\/\/www.jobs.xskillup.com\/sobre-nos\/#breadcrumb","itemListElement":[{"@type":"ListItem","position":1,"name":"In\u00edcio","item":"https:\/\/www.jobs.xskillup.com\/"},{"@type":"ListItem","position":2,"name":"Sobre n\u00f3s"}]},{"@type":"WebSite","@id":"https:\/\/www.jobs.xskillup.com\/#website","url":"https:\/\/www.jobs.xskillup.com\/","name":"xskillup","description":"Bem-vindo","publisher":{"@id":"https:\/\/www.jobs.xskillup.com\/#organization"},"potentialAction":[{"@type":"SearchAction","target":{"@type":"EntryPoint","urlTemplate":"https:\/\/www.jobs.xskillup.com\/?s={search_term_string}"},"query-input":{"@type":"PropertyValueSpecification","valueRequired":true,"valueName":"search_term_string"}}],"inLanguage":"fi"},{"@type":"Organization","@id":"https:\/\/www.jobs.xskillup.com\/#organization","name":"xskillup","url":"https:\/\/www.jobs.xskillup.com\/","logo":{"@type":"ImageObject","inLanguage":"fi","@id":"https:\/\/www.jobs.xskillup.com\/#\/schema\/logo\/image\/","url":"https:\/\/www.jobs.xskillup.com\/wp-content\/uploads\/2025\/03\/origami.png","contentUrl":"https:\/\/www.jobs.xskillup.com\/wp-content\/uploads\/2025\/03\/origami.png","width":512,"height":512,"caption":"xskillup"},"image":{"@id":"https:\/\/www.jobs.xskillup.com\/#\/schema\/logo\/image\/"}}]}},"_links":{"self":[{"href":"https:\/\/www.jobs.xskillup.com\/fi\/wp-json\/wp\/v2\/pages\/14","targetHints":{"allow":["GET"]}}],"collection":[{"href":"https:\/\/www.jobs.xskillup.com\/fi\/wp-json\/wp\/v2\/pages"}],"about":[{"href":"https:\/\/www.jobs.xskillup.com\/fi\/wp-json\/wp\/v2\/types\/page"}],"author":[{"embeddable":true,"href":"https:\/\/www.jobs.xskillup.com\/fi\/wp-json\/wp\/v2\/users\/1"}],"replies":[{"embeddable":true,"href":"https:\/\/www.jobs.xskillup.com\/fi\/wp-json\/wp\/v2\/comments?post=14"}],"version-history":[{"count":2,"href":"https:\/\/www.jobs.xskillup.com\/fi\/wp-json\/wp\/v2\/pages\/14\/revisions"}],"predecessor-version":[{"id":19,"href":"https:\/\/www.jobs.xskillup.com\/fi\/wp-json\/wp\/v2\/pages\/14\/revisions\/19"}],"wp:attachment":[{"href":"https:\/\/www.jobs.xskillup.com\/fi\/wp-json\/wp\/v2\/media?parent=14"}],"curies":[{"name":"wp","href":"https:\/\/api.w.org\/{rel}","templated":true}]}}