{"id":16,"date":"2025-03-19T15:37:25","date_gmt":"2025-03-19T15:37:25","guid":{"rendered":"https:\/\/www.jobs.xskillup.com\/?page_id=16"},"modified":"2025-03-19T15:40:04","modified_gmt":"2025-03-19T15:40:04","slug":"termos-de-uso","status":"publish","type":"page","link":"https:\/\/www.jobs.xskillup.com\/fi\/termos-de-uso\/","title":{"rendered":"K\u00e4ytt\u00f6ehdot"},"content":{"rendered":"<p>Sivustoa k\u00e4ytett\u00e4ess\u00e4\u00a0<strong>jobs.xskillup.com<\/strong>, sitoudut noudattamaan n\u00e4it\u00e4 palveluehtoja, kaikkia sovellettavia lakeja ja m\u00e4\u00e4r\u00e4yksi\u00e4, ja olet vastuussa kaikkien sovellettavien paikallisten lakien noudattamisesta. Jos et hyv\u00e4ksy jotakin n\u00e4ist\u00e4 ehdoista, sinua ei saa k\u00e4ytt\u00e4\u00e4 tai k\u00e4ytt\u00e4\u00e4 t\u00e4t\u00e4 sivustoa. T\u00e4m\u00e4n sivuston sis\u00e4lt\u00e4m\u00e4 materiaali on suojattu sovellettavan tekij\u00e4noikeus- ja tavaramerkkilain nojalla.<\/p>\n<h4>K\u00e4yt\u00e4 lisenssi\u00e4<\/h4>\n<p>Sivuston materiaalien (tiedot, ty\u00f6paikkailmoitukset, ohjelmistot tai muu sis\u00e4lt\u00f6) p\u00e4\u00e4sy ja k\u00e4ytt\u00f6 my\u00f6nnet\u00e4\u00e4n\u00a0<strong>jobs.xskillup.com<\/strong>, vain henkil\u00f6kohtaiseen, ei-kaupalliseen k\u00e4ytt\u00f6\u00f6n. T\u00e4m\u00e4 on lisenssin my\u00f6nt\u00e4minen, ei omistusoikeuden siirto, ja t\u00e4m\u00e4n lisenssin nojalla et saa:<\/p>\n<ul>\n<li>muokata tai kopioida materiaaleja;<\/li>\n<li>K\u00e4yt\u00e4 materiaalia mihin tahansa kaupalliseen tarkoitukseen tai mihin tahansa julkiseen n\u00e4ytt\u00f6\u00f6n (kaupalliseen tai ei-kaupalliseen);<\/li>\n<li>yritt\u00e4\u00e4 purkaa tai k\u00e4\u00e4nt\u00e4\u00e4 takaisin mit\u00e4 tahansa verkkosivuston sis\u00e4lt\u00e4m\u00e4\u00e4 ohjelmistoa;<\/li>\n<li>Poista materiaalista kaikki tekij\u00e4noikeus- tai muut omistusoikeudelliset merkinn\u00e4t;<\/li>\n<li>Siirr\u00e4 materiaalit toiselle henkil\u00f6lle tai &quot;peilaa&quot; materiaalit mill\u00e4 tahansa toisella palvelimella.<\/li>\n<\/ul>\n<p>T\u00e4m\u00e4 lisenssi p\u00e4\u00e4ttyy automaattisesti, jos rikot jotakin n\u00e4ist\u00e4 rajoituksista, ja se voidaan peruuttaa\u00a0<strong>jobs.xskillup.com<\/strong>\u00a0milloin tahansa. Kun lopetat n\u00e4iden materiaalien katselun tai t\u00e4m\u00e4n lisenssin, sinun on tuhottava kaikki hallussasi oleva ladattu materiaali joko s\u00e4hk\u00f6isess\u00e4 tai painetussa muodossa.<\/p>\n<h4>Vastuuvapauslauseke<\/h4>\n<p>Materiaalit verkkosivuilla\u00a0<strong>jobs.xskillup.com<\/strong>\u00a0tarjotaan &quot;sellaisenaan&quot;. Sivusto ei anna mit\u00e4\u00e4n takuita, ilmaistuja tai oletettuja, ja t\u00e4ten kielt\u00e4\u00e4 ja kumoaa kaikki muut takuut, mukaan lukien rajoituksetta oletetut takuut tai ehdot kaupallisuudesta, sopivuudesta tiettyyn tarkoitukseen tai immateriaalioikeuksien loukkaamattomuuteen tai muuhun oikeuksien loukkaamiseen. Lis\u00e4ksi,\u00a0<strong>jobs.xskillup.com<\/strong>\u00a0ei takaa tai esit\u00e4 mit\u00e4\u00e4n v\u00e4itteit\u00e4 verkkosivustollaan tai muuten sellaiseen materiaaliin tai t\u00e4h\u00e4n sivustoon linkitetyist\u00e4 sivustoista liittyvien materiaalien k\u00e4yt\u00f6n tarkkuudesta, todenn\u00e4k\u00f6isist\u00e4 tuloksista tai luotettavuudesta.<\/p>\n<h4>Rajoitukset<\/h4>\n<p>Ei miss\u00e4\u00e4n tapauksessa\u00a0<strong>jobs.xskillup.com<\/strong>\u00a0tai sen toimittajat ovat vastuussa kaikista vahingoista (mukaan lukien rajoituksetta tietojen tai voiton menetyksest\u00e4 tai liiketoiminnan keskeytymisest\u00e4 johtuvat vahingot), jotka johtuvat verkkosivuston materiaalien k\u00e4yt\u00f6st\u00e4 tai kyvytt\u00f6myydest\u00e4 k\u00e4ytt\u00e4\u00e4, vaikka\u00a0<strong>jobs.xskillup.com<\/strong>\u00a0tai valtuutetulle edustajalle on ilmoitettu suullisesti tai kirjallisesti t\u00e4llaisten vahinkojen mahdollisuudesta. Koska jotkin laink\u00e4ytt\u00f6alueet eiv\u00e4t salli oletettujen takuiden tai v\u00e4lillisten tai satunnaisten vahinkojen vastuun rajoituksia, n\u00e4m\u00e4 rajoitukset eiv\u00e4t v\u00e4ltt\u00e4m\u00e4tt\u00e4 koske sinua.<\/p>\n<h4>Materiaalien tarkkuus<\/h4>\n<p>Verkkosivustolla n\u00e4kyv\u00e4t materiaalit\u00a0<strong>jobs.xskillup.com<\/strong>\u00a0voi sis\u00e4lt\u00e4\u00e4 teknisi\u00e4, typografisia tai sis\u00e4lt\u00f6virheit\u00e4. Sivusto ei takaa, ett\u00e4 sen alustalla oleva materiaali on tarkkaa, t\u00e4ydellist\u00e4 tai ajantasaista.\u00a0<strong>jobs.xskillup.com<\/strong>\u00a0voi tehd\u00e4 muutoksia verkkosivuillaan olevaan materiaaliin milloin tahansa ilman erillist\u00e4 ilmoitusta. Sivusto ei kuitenkaan sitoudu p\u00e4ivitt\u00e4m\u00e4\u00e4n materiaaleja s\u00e4\u00e4nn\u00f6llisesti.<\/p>\n<h4>Ulkoiset linkit<\/h4>\n<p><strong>jobs.xskillup.com<\/strong>\u00a0ei ole tarkistanut kaikkia verkkosivustoonsa linkitettyj\u00e4 sivustoja eik\u00e4 ole vastuussa mink\u00e4\u00e4n linkitetyn sivuston sis\u00e4ll\u00f6st\u00e4. Mink\u00e4\u00e4n linkin sis\u00e4llytt\u00e4minen ei tarkoita hyv\u00e4ksynt\u00e4\u00e4\u00a0<strong>jobs.xskillup.com<\/strong>\u00a0verkkosivustolta. Mink\u00e4 tahansa linkitetyn verkkosivuston k\u00e4ytt\u00f6 on k\u00e4ytt\u00e4j\u00e4n omalla vastuulla.<\/p>\n<h4>Muutokset<\/h4>\n<p><strong>jobs.xskillup.com<\/strong>\u00a0voi muuttaa n\u00e4it\u00e4 palveluehtoja milloin tahansa ilman erillist\u00e4 ilmoitusta. K\u00e4ytt\u00e4m\u00e4ll\u00e4 t\u00e4t\u00e4 verkkosivustoa sitoudut noudattamaan n\u00e4iden palveluehtojen kulloinkin voimassa olevaa versiota.<\/p>\n<h4>Sovellettava laki<\/h4>\n<p>N\u00e4it\u00e4 ehtoja s\u00e4\u00e4telev\u00e4t ja tulkitaan sen maan tai alueen lakien mukaisesti, jossa\u00a0<strong>jobs.xskillup.com<\/strong>\u00a0on p\u00e4\u00e4konttori, ja alistut peruuttamattomasti kyseisen paikkakunnan tuomioistuinten yksinomaiseen toimivaltaan.<\/p>\n<hr \/>\n<p><strong>Viimeisin p\u00e4ivitys: 2025<\/strong><\/p>","protected":false},"excerpt":{"rendered":"<p>Ao acessar o site\u00a0jobs.xskillup.com, voc\u00ea concorda em cumprir estes termos de servi\u00e7o, todas as leis e regulamentos aplic\u00e1veis, e declara [&hellip;]<\/p>","protected":false},"author":1,"featured_media":0,"parent":0,"menu_order":0,"comment_status":"closed","ping_status":"closed","template":"","meta":{"site-sidebar-layout":"default","site-content-layout":"","ast-site-content-layout":"default","site-content-style":"default","site-sidebar-style":"default","ast-global-header-display":"","ast-banner-title-visibility":"","ast-main-header-display":"","ast-hfb-above-header-display":"","ast-hfb-below-header-display":"","ast-hfb-mobile-header-display":"","site-post-title":"","ast-breadcrumbs-content":"","ast-featured-img":"","footer-sml-layout":"","theme-transparent-header-meta":"default","adv-header-id-meta":"","stick-header-meta":"","header-above-stick-meta":"","header-main-stick-meta":"","header-below-stick-meta":"","astra-migrate-meta-layouts":"set","ast-page-background-enabled":"default","ast-page-background-meta":{"desktop":{"background-color":"var(--ast-global-color-5)","background-image":"","background-repeat":"repeat","background-position":"center center","background-size":"auto","background-attachment":"scroll","background-type":"","background-media":"","overlay-type":"","overlay-color":"","overlay-opacity":"","overlay-gradient":""},"tablet":{"background-color":"","background-image":"","background-repeat":"repeat","background-position":"center center","background-size":"auto","background-attachment":"scroll","background-type":"","background-media":"","overlay-type":"","overlay-color":"","overlay-opacity":"","overlay-gradient":""},"mobile":{"background-color":"","background-image":"","background-repeat":"repeat","background-position":"center center","background-size":"auto","background-attachment":"scroll","background-type":"","background-media":"","overlay-type":"","overlay-color":"","overlay-opacity":"","overlay-gradient":""}},"ast-content-background-meta":{"desktop":{"background-color":"var(--ast-global-color-4)","background-image":"","background-repeat":"repeat","background-position":"center center","background-size":"auto","background-attachment":"scroll","background-type":"","background-media":"","overlay-type":"","overlay-color":"","overlay-opacity":"","overlay-gradient":""},"tablet":{"background-color":"var(--ast-global-color-4)","background-image":"","background-repeat":"repeat","background-position":"center center","background-size":"auto","background-attachment":"scroll","background-type":"","background-media":"","overlay-type":"","overlay-color":"","overlay-opacity":"","overlay-gradient":""},"mobile":{"background-color":"var(--ast-global-color-4)","background-image":"","background-repeat":"repeat","background-position":"center center","background-size":"auto","background-attachment":"scroll","background-type":"","background-media":"","overlay-type":"","overlay-color":"","overlay-opacity":"","overlay-gradient":""}},"footnotes":""},"class_list":["post-16","page","type-page","status-publish","hentry"],"yoast_head":"<!-- This site is optimized with the Yoast SEO plugin v24.9 - https:\/\/yoast.com\/wordpress\/plugins\/seo\/ -->\n<title>Termos de uso - xskillup<\/title>\n<meta name=\"robots\" content=\"index, follow, max-snippet:-1, max-image-preview:large, max-video-preview:-1\" \/>\n<link rel=\"canonical\" href=\"https:\/\/www.jobs.xskillup.com\/fi\/termos-de-uso\/\" \/>\n<meta property=\"og:locale\" content=\"fi_FI\" \/>\n<meta property=\"og:type\" content=\"article\" \/>\n<meta property=\"og:title\" content=\"Termos de uso - xskillup\" \/>\n<meta property=\"og:description\" content=\"Ao acessar o site\u00a0jobs.xskillup.com, voc\u00ea concorda em cumprir estes termos de servi\u00e7o, todas as leis e regulamentos aplic\u00e1veis, e declara [&hellip;]\" \/>\n<meta property=\"og:url\" content=\"https:\/\/www.jobs.xskillup.com\/fi\/termos-de-uso\/\" \/>\n<meta property=\"og:site_name\" content=\"xskillup\" \/>\n<meta property=\"article:modified_time\" content=\"2025-03-19T15:40:04+00:00\" \/>\n<meta name=\"twitter:card\" content=\"summary_large_image\" \/>\n<meta name=\"twitter:label1\" content=\"Arvioitu lukuaika\" \/>\n\t<meta name=\"twitter:data1\" content=\"4 minuuttia\" \/>\n<script type=\"application\/ld+json\" class=\"yoast-schema-graph\">{\"@context\":\"https:\/\/schema.org\",\"@graph\":[{\"@type\":\"WebPage\",\"@id\":\"https:\/\/www.jobs.xskillup.com\/termos-de-uso\/\",\"url\":\"https:\/\/www.jobs.xskillup.com\/termos-de-uso\/\",\"name\":\"Termos de uso - xskillup\",\"isPartOf\":{\"@id\":\"https:\/\/www.jobs.xskillup.com\/#website\"},\"datePublished\":\"2025-03-19T15:37:25+00:00\",\"dateModified\":\"2025-03-19T15:40:04+00:00\",\"breadcrumb\":{\"@id\":\"https:\/\/www.jobs.xskillup.com\/termos-de-uso\/#breadcrumb\"},\"inLanguage\":\"fi\",\"potentialAction\":[{\"@type\":\"ReadAction\",\"target\":[\"https:\/\/www.jobs.xskillup.com\/termos-de-uso\/\"]}]},{\"@type\":\"BreadcrumbList\",\"@id\":\"https:\/\/www.jobs.xskillup.com\/termos-de-uso\/#breadcrumb\",\"itemListElement\":[{\"@type\":\"ListItem\",\"position\":1,\"name\":\"In\u00edcio\",\"item\":\"https:\/\/www.jobs.xskillup.com\/\"},{\"@type\":\"ListItem\",\"position\":2,\"name\":\"Termos de uso\"}]},{\"@type\":\"WebSite\",\"@id\":\"https:\/\/www.jobs.xskillup.com\/#website\",\"url\":\"https:\/\/www.jobs.xskillup.com\/\",\"name\":\"xskillup\",\"description\":\"Bem-vindo\",\"publisher\":{\"@id\":\"https:\/\/www.jobs.xskillup.com\/#organization\"},\"potentialAction\":[{\"@type\":\"SearchAction\",\"target\":{\"@type\":\"EntryPoint\",\"urlTemplate\":\"https:\/\/www.jobs.xskillup.com\/?s={search_term_string}\"},\"query-input\":{\"@type\":\"PropertyValueSpecification\",\"valueRequired\":true,\"valueName\":\"search_term_string\"}}],\"inLanguage\":\"fi\"},{\"@type\":\"Organization\",\"@id\":\"https:\/\/www.jobs.xskillup.com\/#organization\",\"name\":\"xskillup\",\"url\":\"https:\/\/www.jobs.xskillup.com\/\",\"logo\":{\"@type\":\"ImageObject\",\"inLanguage\":\"fi\",\"@id\":\"https:\/\/www.jobs.xskillup.com\/#\/schema\/logo\/image\/\",\"url\":\"https:\/\/www.jobs.xskillup.com\/wp-content\/uploads\/2025\/03\/origami.png\",\"contentUrl\":\"https:\/\/www.jobs.xskillup.com\/wp-content\/uploads\/2025\/03\/origami.png\",\"width\":512,\"height\":512,\"caption\":\"xskillup\"},\"image\":{\"@id\":\"https:\/\/www.jobs.xskillup.com\/#\/schema\/logo\/image\/\"}}]}<\/script>\n<!-- \/ Yoast SEO plugin. -->","yoast_head_json":{"title":"Termos de uso - xskillup","robots":{"index":"index","follow":"follow","max-snippet":"max-snippet:-1","max-image-preview":"max-image-preview:large","max-video-preview":"max-video-preview:-1"},"canonical":"https:\/\/www.jobs.xskillup.com\/fi\/termos-de-uso\/","og_locale":"fi_FI","og_type":"article","og_title":"Termos de uso - xskillup","og_description":"Ao acessar o site\u00a0jobs.xskillup.com, voc\u00ea concorda em cumprir estes termos de servi\u00e7o, todas as leis e regulamentos aplic\u00e1veis, e declara [&hellip;]","og_url":"https:\/\/www.jobs.xskillup.com\/fi\/termos-de-uso\/","og_site_name":"xskillup","article_modified_time":"2025-03-19T15:40:04+00:00","twitter_card":"summary_large_image","twitter_misc":{"Arvioitu lukuaika":"4 minuuttia"},"schema":{"@context":"https:\/\/schema.org","@graph":[{"@type":"WebPage","@id":"https:\/\/www.jobs.xskillup.com\/termos-de-uso\/","url":"https:\/\/www.jobs.xskillup.com\/termos-de-uso\/","name":"Termos de uso - xskillup","isPartOf":{"@id":"https:\/\/www.jobs.xskillup.com\/#website"},"datePublished":"2025-03-19T15:37:25+00:00","dateModified":"2025-03-19T15:40:04+00:00","breadcrumb":{"@id":"https:\/\/www.jobs.xskillup.com\/termos-de-uso\/#breadcrumb"},"inLanguage":"fi","potentialAction":[{"@type":"ReadAction","target":["https:\/\/www.jobs.xskillup.com\/termos-de-uso\/"]}]},{"@type":"BreadcrumbList","@id":"https:\/\/www.jobs.xskillup.com\/termos-de-uso\/#breadcrumb","itemListElement":[{"@type":"ListItem","position":1,"name":"In\u00edcio","item":"https:\/\/www.jobs.xskillup.com\/"},{"@type":"ListItem","position":2,"name":"Termos de uso"}]},{"@type":"WebSite","@id":"https:\/\/www.jobs.xskillup.com\/#website","url":"https:\/\/www.jobs.xskillup.com\/","name":"xskillup","description":"Bem-vindo","publisher":{"@id":"https:\/\/www.jobs.xskillup.com\/#organization"},"potentialAction":[{"@type":"SearchAction","target":{"@type":"EntryPoint","urlTemplate":"https:\/\/www.jobs.xskillup.com\/?s={search_term_string}"},"query-input":{"@type":"PropertyValueSpecification","valueRequired":true,"valueName":"search_term_string"}}],"inLanguage":"fi"},{"@type":"Organization","@id":"https:\/\/www.jobs.xskillup.com\/#organization","name":"xskillup","url":"https:\/\/www.jobs.xskillup.com\/","logo":{"@type":"ImageObject","inLanguage":"fi","@id":"https:\/\/www.jobs.xskillup.com\/#\/schema\/logo\/image\/","url":"https:\/\/www.jobs.xskillup.com\/wp-content\/uploads\/2025\/03\/origami.png","contentUrl":"https:\/\/www.jobs.xskillup.com\/wp-content\/uploads\/2025\/03\/origami.png","width":512,"height":512,"caption":"xskillup"},"image":{"@id":"https:\/\/www.jobs.xskillup.com\/#\/schema\/logo\/image\/"}}]}},"_links":{"self":[{"href":"https:\/\/www.jobs.xskillup.com\/fi\/wp-json\/wp\/v2\/pages\/16","targetHints":{"allow":["GET"]}}],"collection":[{"href":"https:\/\/www.jobs.xskillup.com\/fi\/wp-json\/wp\/v2\/pages"}],"about":[{"href":"https:\/\/www.jobs.xskillup.com\/fi\/wp-json\/wp\/v2\/types\/page"}],"author":[{"embeddable":true,"href":"https:\/\/www.jobs.xskillup.com\/fi\/wp-json\/wp\/v2\/users\/1"}],"replies":[{"embeddable":true,"href":"https:\/\/www.jobs.xskillup.com\/fi\/wp-json\/wp\/v2\/comments?post=16"}],"version-history":[{"count":2,"href":"https:\/\/www.jobs.xskillup.com\/fi\/wp-json\/wp\/v2\/pages\/16\/revisions"}],"predecessor-version":[{"id":18,"href":"https:\/\/www.jobs.xskillup.com\/fi\/wp-json\/wp\/v2\/pages\/16\/revisions\/18"}],"wp:attachment":[{"href":"https:\/\/www.jobs.xskillup.com\/fi\/wp-json\/wp\/v2\/media?parent=16"}],"curies":[{"name":"wp","href":"https:\/\/api.w.org\/{rel}","templated":true}]}}