{"id":14,"date":"2025-03-19T15:37:06","date_gmt":"2025-03-19T15:37:06","guid":{"rendered":"https:\/\/www.jobs.xskillup.com\/?page_id=14"},"modified":"2025-03-19T15:47:40","modified_gmt":"2025-03-19T15:47:40","slug":"sobre-nos","status":"publish","type":"page","link":"https:\/\/www.jobs.xskillup.com\/fr\/sobre-nos\/","title":{"rendered":"\u00c0 propos de nous"},"content":{"rendered":"<p>N\u0153ud\u00a0<strong>emplois.xskillup.com<\/strong>, nous ne sommes pas seulement une plateforme d\u2019information. Nous sommes un partenaire engag\u00e9 \u00e0 vous aider \u00e0 d\u00e9couvrir des moyens pratiques et efficaces pour faire progresser votre carri\u00e8re. Nous souhaitons que vous exploriez les opportunit\u00e9s d\u2019emploi, que vous en appreniez davantage sur les finances personnelles et que vous adoptiez des habitudes qui favorisent l\u2019\u00e9quilibre entre vie professionnelle et vie priv\u00e9e. Nous croyons que l\u2019acc\u00e8s \u00e0 des informations claires et utiles est la cl\u00e9 d\u2019une carri\u00e8re plus prosp\u00e8re, productive et \u00e9panouissante.<\/p>\n<p>Mais notre passion va au-del\u00e0 du simple partage d\u2019informations. Nous sommes ici pour\u00a0<strong>vous donner du pouvoir<\/strong>\u00a0prenez des d\u00e9cisions plus intelligentes, optimisez vos comp\u00e9tences et explorez de nouvelles possibilit\u00e9s pour atteindre vos objectifs professionnels. Nous voulons \u00eatre le pont qui vous relie \u00e0 un avenir radieux.<\/p>\n<hr \/>\n<h3>Notre mission:<\/h3>\n<p>Notre objectif est d\u2019offrir un aper\u00e7u complet des domaines essentiels \u00e0 votre croissance professionnelle. Des conseils pour r\u00e9diger un CV efficace aux conseils pour pr\u00e9parer les entretiens et n\u00e9gocier les salaires, notre mission est d&#039;\u00eatre un\u00a0<strong>source fiable<\/strong>\u00a0d\u2019informations que vous pouvez utiliser pour transformer votre carri\u00e8re.<\/p>\n<p>Nous sommes toujours au courant des tendances du march\u00e9 du travail, en proposant un contenu pertinent et \u00e0 jour sur les opportunit\u00e9s professionnelles, le d\u00e9veloppement des comp\u00e9tences et la planification de carri\u00e8re. Nous voulons que vous ayez tout ce dont vous avez besoin pour vous d\u00e9marquer.<\/p>\n<hr \/>\n<h3>Ce que nous offrons :<\/h3>\n<p>\u2705\u00a0<strong>Conseils pour les postes vacants :<\/strong>\u00a0Nous partageons des opportunit\u00e9s d&#039;emploi et des conseils pour trouver les meilleurs emplois, cr\u00e9er des CV remarquables et se pr\u00e9parer aux processus de s\u00e9lection.<\/p>\n<p>\u2705\u00a0<strong>Orientation financi\u00e8re pour les professionnels :<\/strong>\u00a0Nous vous expliquons comment g\u00e9rer vos finances, planifier vos investissements et prendre des d\u00e9cisions qui contribuent \u00e0 votre stabilit\u00e9 \u00e9conomique.<\/p>\n<p>\u2705\u00a0<strong>Outils et ressources utiles :<\/strong>\u00a0Nous vous aidons \u00e0 d\u00e9couvrir des outils et des applications qui facilitent la recherche d&#039;emploi, le d\u00e9veloppement de comp\u00e9tences et l&#039;organisation de votre vie professionnelle.<\/p>\n<hr \/>\n<p>N\u0153ud\u00a0<strong>emplois.xskillup.com<\/strong>, nous nous engageons \u00e0 \u00eatre plus qu&#039;un site Web. Nous voulons \u00eatre votre guide vers une carri\u00e8re plus \u00e9quilibr\u00e9e, prosp\u00e8re et \u00e9panouissante. Rejoignez-nous et d\u00e9couvrez comment de petits changements peuvent conduire \u00e0 de grandes transformations dans votre carri\u00e8re professionnelle.<\/p>","protected":false},"excerpt":{"rendered":"<p>No\u00a0jobs.xskillup.com, n\u00e3o somos apenas uma plataforma de informa\u00e7\u00f5es. Somos um parceiro comprometido em ajudar voc\u00ea a descobrir maneiras pr\u00e1ticas e [&hellip;]<\/p>","protected":false},"author":1,"featured_media":0,"parent":0,"menu_order":0,"comment_status":"closed","ping_status":"closed","template":"","meta":{"site-sidebar-layout":"default","site-content-layout":"","ast-site-content-layout":"default","site-content-style":"default","site-sidebar-style":"default","ast-global-header-display":"","ast-banner-title-visibility":"","ast-main-header-display":"","ast-hfb-above-header-display":"","ast-hfb-below-header-display":"","ast-hfb-mobile-header-display":"","site-post-title":"","ast-breadcrumbs-content":"","ast-featured-img":"","footer-sml-layout":"","theme-transparent-header-meta":"default","adv-header-id-meta":"","stick-header-meta":"","header-above-stick-meta":"","header-main-stick-meta":"","header-below-stick-meta":"","astra-migrate-meta-layouts":"set","ast-page-background-enabled":"default","ast-page-background-meta":{"desktop":{"background-color":"var(--ast-global-color-5)","background-image":"","background-repeat":"repeat","background-position":"center center","background-size":"auto","background-attachment":"scroll","background-type":"","background-media":"","overlay-type":"","overlay-color":"","overlay-opacity":"","overlay-gradient":""},"tablet":{"background-color":"","background-image":"","background-repeat":"repeat","background-position":"center center","background-size":"auto","background-attachment":"scroll","background-type":"","background-media":"","overlay-type":"","overlay-color":"","overlay-opacity":"","overlay-gradient":""},"mobile":{"background-color":"","background-image":"","background-repeat":"repeat","background-position":"center center","background-size":"auto","background-attachment":"scroll","background-type":"","background-media":"","overlay-type":"","overlay-color":"","overlay-opacity":"","overlay-gradient":""}},"ast-content-background-meta":{"desktop":{"background-color":"var(--ast-global-color-4)","background-image":"","background-repeat":"repeat","background-position":"center center","background-size":"auto","background-attachment":"scroll","background-type":"","background-media":"","overlay-type":"","overlay-color":"","overlay-opacity":"","overlay-gradient":""},"tablet":{"background-color":"var(--ast-global-color-4)","background-image":"","background-repeat":"repeat","background-position":"center center","background-size":"auto","background-attachment":"scroll","background-type":"","background-media":"","overlay-type":"","overlay-color":"","overlay-opacity":"","overlay-gradient":""},"mobile":{"background-color":"var(--ast-global-color-4)","background-image":"","background-repeat":"repeat","background-position":"center center","background-size":"auto","background-attachment":"scroll","background-type":"","background-media":"","overlay-type":"","overlay-color":"","overlay-opacity":"","overlay-gradient":""}},"footnotes":""},"class_list":["post-14","page","type-page","status-publish","hentry"],"yoast_head":"<!-- This site is optimized with the Yoast SEO plugin v24.9 - https:\/\/yoast.com\/wordpress\/plugins\/seo\/ -->\n<title>Sobre n\u00f3s - xskillup<\/title>\n<meta name=\"robots\" content=\"index, follow, max-snippet:-1, max-image-preview:large, max-video-preview:-1\" \/>\n<link rel=\"canonical\" href=\"https:\/\/www.jobs.xskillup.com\/fr\/sobre-nos\/\" \/>\n<meta property=\"og:locale\" content=\"fr_FR\" \/>\n<meta property=\"og:type\" content=\"article\" \/>\n<meta property=\"og:title\" content=\"Sobre n\u00f3s - xskillup\" \/>\n<meta property=\"og:description\" content=\"No\u00a0jobs.xskillup.com, n\u00e3o somos apenas uma plataforma de informa\u00e7\u00f5es. Somos um parceiro comprometido em ajudar voc\u00ea a descobrir maneiras pr\u00e1ticas e [&hellip;]\" \/>\n<meta property=\"og:url\" content=\"https:\/\/www.jobs.xskillup.com\/fr\/sobre-nos\/\" \/>\n<meta property=\"og:site_name\" content=\"xskillup\" \/>\n<meta property=\"article:modified_time\" content=\"2025-03-19T15:47:40+00:00\" \/>\n<meta name=\"twitter:card\" content=\"summary_large_image\" \/>\n<script type=\"application\/ld+json\" class=\"yoast-schema-graph\">{\"@context\":\"https:\/\/schema.org\",\"@graph\":[{\"@type\":\"WebPage\",\"@id\":\"https:\/\/www.jobs.xskillup.com\/sobre-nos\/\",\"url\":\"https:\/\/www.jobs.xskillup.com\/sobre-nos\/\",\"name\":\"Sobre n\u00f3s - xskillup\",\"isPartOf\":{\"@id\":\"https:\/\/www.jobs.xskillup.com\/#website\"},\"datePublished\":\"2025-03-19T15:37:06+00:00\",\"dateModified\":\"2025-03-19T15:47:40+00:00\",\"breadcrumb\":{\"@id\":\"https:\/\/www.jobs.xskillup.com\/sobre-nos\/#breadcrumb\"},\"inLanguage\":\"fr-FR\",\"potentialAction\":[{\"@type\":\"ReadAction\",\"target\":[\"https:\/\/www.jobs.xskillup.com\/sobre-nos\/\"]}]},{\"@type\":\"BreadcrumbList\",\"@id\":\"https:\/\/www.jobs.xskillup.com\/sobre-nos\/#breadcrumb\",\"itemListElement\":[{\"@type\":\"ListItem\",\"position\":1,\"name\":\"In\u00edcio\",\"item\":\"https:\/\/www.jobs.xskillup.com\/\"},{\"@type\":\"ListItem\",\"position\":2,\"name\":\"Sobre n\u00f3s\"}]},{\"@type\":\"WebSite\",\"@id\":\"https:\/\/www.jobs.xskillup.com\/#website\",\"url\":\"https:\/\/www.jobs.xskillup.com\/\",\"name\":\"xskillup\",\"description\":\"Bem-vindo\",\"publisher\":{\"@id\":\"https:\/\/www.jobs.xskillup.com\/#organization\"},\"potentialAction\":[{\"@type\":\"SearchAction\",\"target\":{\"@type\":\"EntryPoint\",\"urlTemplate\":\"https:\/\/www.jobs.xskillup.com\/?s={search_term_string}\"},\"query-input\":{\"@type\":\"PropertyValueSpecification\",\"valueRequired\":true,\"valueName\":\"search_term_string\"}}],\"inLanguage\":\"fr-FR\"},{\"@type\":\"Organization\",\"@id\":\"https:\/\/www.jobs.xskillup.com\/#organization\",\"name\":\"xskillup\",\"url\":\"https:\/\/www.jobs.xskillup.com\/\",\"logo\":{\"@type\":\"ImageObject\",\"inLanguage\":\"fr-FR\",\"@id\":\"https:\/\/www.jobs.xskillup.com\/#\/schema\/logo\/image\/\",\"url\":\"https:\/\/www.jobs.xskillup.com\/wp-content\/uploads\/2025\/03\/origami.png\",\"contentUrl\":\"https:\/\/www.jobs.xskillup.com\/wp-content\/uploads\/2025\/03\/origami.png\",\"width\":512,\"height\":512,\"caption\":\"xskillup\"},\"image\":{\"@id\":\"https:\/\/www.jobs.xskillup.com\/#\/schema\/logo\/image\/\"}}]}<\/script>\n<!-- \/ Yoast SEO plugin. -->","yoast_head_json":{"title":"Sobre n\u00f3s - xskillup","robots":{"index":"index","follow":"follow","max-snippet":"max-snippet:-1","max-image-preview":"max-image-preview:large","max-video-preview":"max-video-preview:-1"},"canonical":"https:\/\/www.jobs.xskillup.com\/fr\/sobre-nos\/","og_locale":"fr_FR","og_type":"article","og_title":"Sobre n\u00f3s - xskillup","og_description":"No\u00a0jobs.xskillup.com, n\u00e3o somos apenas uma plataforma de informa\u00e7\u00f5es. Somos um parceiro comprometido em ajudar voc\u00ea a descobrir maneiras pr\u00e1ticas e [&hellip;]","og_url":"https:\/\/www.jobs.xskillup.com\/fr\/sobre-nos\/","og_site_name":"xskillup","article_modified_time":"2025-03-19T15:47:40+00:00","twitter_card":"summary_large_image","schema":{"@context":"https:\/\/schema.org","@graph":[{"@type":"WebPage","@id":"https:\/\/www.jobs.xskillup.com\/sobre-nos\/","url":"https:\/\/www.jobs.xskillup.com\/sobre-nos\/","name":"Sobre n\u00f3s - xskillup","isPartOf":{"@id":"https:\/\/www.jobs.xskillup.com\/#website"},"datePublished":"2025-03-19T15:37:06+00:00","dateModified":"2025-03-19T15:47:40+00:00","breadcrumb":{"@id":"https:\/\/www.jobs.xskillup.com\/sobre-nos\/#breadcrumb"},"inLanguage":"fr-FR","potentialAction":[{"@type":"ReadAction","target":["https:\/\/www.jobs.xskillup.com\/sobre-nos\/"]}]},{"@type":"BreadcrumbList","@id":"https:\/\/www.jobs.xskillup.com\/sobre-nos\/#breadcrumb","itemListElement":[{"@type":"ListItem","position":1,"name":"In\u00edcio","item":"https:\/\/www.jobs.xskillup.com\/"},{"@type":"ListItem","position":2,"name":"Sobre n\u00f3s"}]},{"@type":"WebSite","@id":"https:\/\/www.jobs.xskillup.com\/#website","url":"https:\/\/www.jobs.xskillup.com\/","name":"xskillup","description":"Bem-vindo","publisher":{"@id":"https:\/\/www.jobs.xskillup.com\/#organization"},"potentialAction":[{"@type":"SearchAction","target":{"@type":"EntryPoint","urlTemplate":"https:\/\/www.jobs.xskillup.com\/?s={search_term_string}"},"query-input":{"@type":"PropertyValueSpecification","valueRequired":true,"valueName":"search_term_string"}}],"inLanguage":"fr-FR"},{"@type":"Organization","@id":"https:\/\/www.jobs.xskillup.com\/#organization","name":"xskillup","url":"https:\/\/www.jobs.xskillup.com\/","logo":{"@type":"ImageObject","inLanguage":"fr-FR","@id":"https:\/\/www.jobs.xskillup.com\/#\/schema\/logo\/image\/","url":"https:\/\/www.jobs.xskillup.com\/wp-content\/uploads\/2025\/03\/origami.png","contentUrl":"https:\/\/www.jobs.xskillup.com\/wp-content\/uploads\/2025\/03\/origami.png","width":512,"height":512,"caption":"xskillup"},"image":{"@id":"https:\/\/www.jobs.xskillup.com\/#\/schema\/logo\/image\/"}}]}},"_links":{"self":[{"href":"https:\/\/www.jobs.xskillup.com\/fr\/wp-json\/wp\/v2\/pages\/14","targetHints":{"allow":["GET"]}}],"collection":[{"href":"https:\/\/www.jobs.xskillup.com\/fr\/wp-json\/wp\/v2\/pages"}],"about":[{"href":"https:\/\/www.jobs.xskillup.com\/fr\/wp-json\/wp\/v2\/types\/page"}],"author":[{"embeddable":true,"href":"https:\/\/www.jobs.xskillup.com\/fr\/wp-json\/wp\/v2\/users\/1"}],"replies":[{"embeddable":true,"href":"https:\/\/www.jobs.xskillup.com\/fr\/wp-json\/wp\/v2\/comments?post=14"}],"version-history":[{"count":2,"href":"https:\/\/www.jobs.xskillup.com\/fr\/wp-json\/wp\/v2\/pages\/14\/revisions"}],"predecessor-version":[{"id":19,"href":"https:\/\/www.jobs.xskillup.com\/fr\/wp-json\/wp\/v2\/pages\/14\/revisions\/19"}],"wp:attachment":[{"href":"https:\/\/www.jobs.xskillup.com\/fr\/wp-json\/wp\/v2\/media?parent=14"}],"curies":[{"name":"wp","href":"https:\/\/api.w.org\/{rel}","templated":true}]}}