{"id":10,"date":"2025-03-19T15:36:22","date_gmt":"2025-03-19T15:36:22","guid":{"rendered":"https:\/\/www.jobs.xskillup.com\/?page_id=10"},"modified":"2025-03-19T15:48:25","modified_gmt":"2025-03-19T15:48:25","slug":"politica-de-privacidade","status":"publish","type":"page","link":"https:\/\/www.jobs.xskillup.com\/it\/politica-de-privacidade\/","title":{"rendered":"politica sulla riservatezza"},"content":{"rendered":"<header class=\"entry-header ast-no-thumbnail\">\n<h1 class=\"entry-title\"><\/h1>\n<\/header>\n<div class=\"entry-content clear\">\n<p>Richiediamo informazioni personali solo quando ne abbiamo realmente bisogno per fornirti un servizio. Lo facciamo con mezzi equi e leciti, con la tua conoscenza e il tuo consenso. Ti informeremo anche sul motivo per cui raccogliamo queste informazioni e su come verranno utilizzate.<\/p>\n<p><strong>Conservazione dei dati<\/strong><\/p>\n<p>Conserviamo le informazioni raccolte solo per il tempo necessario a fornirti il servizio richiesto. I dati che memorizziamo saranno protetti con mezzi commercialmente accettabili per prevenirne la perdita, il furto, l&#039;accesso non autorizzato, la divulgazione, la copia, l&#039;uso o la modifica.<\/p>\n<p><strong>Condivisione delle informazioni<\/strong><\/p>\n<p>Non condividiamo alcuna informazione personale identificabile pubblicamente o con terze parti, salvo quando richiesto dalla legge.<\/p>\n<p><strong>Collegamenti a siti esterni<\/strong><\/p>\n<p>Il nostro sito web potrebbe contenere link a siti web esterni non gestiti da noi. Si prega di notare che non abbiamo alcun controllo sul contenuto e sulle pratiche di questi siti e non possiamo accettare alcuna responsabilit\u00e0 per le rispettive informative sulla privacy.<\/p>\n<p><strong>Rifiuto e accettazione delle informazioni<\/strong><\/p>\n<p>Puoi liberamente rifiutare la nostra richiesta di informazioni personali, con la consapevolezza che potremmo non essere in grado di fornirti alcuni dei servizi desiderati. L&#039;uso continuato del nostro sito web sar\u00e0 considerato come accettazione delle nostre pratiche in materia di privacy e dati personali. Se hai domande sul modo in cui gestiamo i dati degli utenti e le informazioni personali, ti preghiamo di contattarci.<\/p>\n<p><strong>Pubblicit\u00e0 e cookie<\/strong><\/p>\n<p>Il servizio Google AdSense che utilizziamo per pubblicare annunci pubblicitari utilizza un cookie DoubleClick per pubblicare annunci pi\u00f9 pertinenti sul Web e limitare il numero di volte in cui un annuncio ti viene mostrato. Per ulteriori informazioni su Google AdSense, consulta le FAQ ufficiali sulla privacy di Google AdSense.<\/p>\n<p>Utilizziamo la pubblicit\u00e0 per compensare i costi di gestione di questo sito web e per fornire finanziamenti per lo sviluppo futuro. I cookie pubblicitari comportamentali utilizzati da questo sito web sono progettati per garantire che tu riceva annunci pubblicitari pi\u00f9 pertinenti monitorando in forma anonima i tuoi interessi.<\/p>\n<p>Diversi partner pubblicizzano per nostro conto e i cookie di tracciamento degli affiliati ci consentono semplicemente di verificare se i nostri clienti sono arrivati sul nostro sito tramite uno dei siti dei nostri partner, in modo da poterli riconoscere in modo appropriato.<\/p>\n<p><strong>Impegno dell&#039;utente<\/strong><\/p>\n<p>L&#039;utente si impegna a fare un uso appropriato dei contenuti e delle informazioni che cestaapp.com offre sul sito web, e a titolo esemplificativo ma non esaustivo:<\/p>\n<ul>\n<li>Non impegnarsi in attivit\u00e0 illegali o contrarie alla buona fede e all&#039;ordine pubblico;<\/li>\n<li>Non diffondere propaganda o contenuti di natura razzista, xenofoba, qualsiasi tipo di pornografia illegale, di incitamento al terrorismo o contrari ai diritti umani;<\/li>\n<li>Non causare danni ai sistemi fisici (hardware) e logici (software) di cestaapp.com, dei suoi fornitori o di terze parti.<\/li>\n<\/ul>\n<p><strong>Ulteriori informazioni<\/strong><\/p>\n<p>Ci auguriamo che questa politica abbia chiarito le cose e, come detto in precedenza, se c&#039;\u00e8 qualcosa di cui non sei sicuro di aver bisogno o meno, di solito \u00e8 pi\u00f9 sicuro lasciare i cookie abilitati nel caso in cui interagiscano con una delle funzionalit\u00e0 che utilizzi sul nostro sito.<\/p>\n<p>La presente politica \u00e8 efficace a partire da<strong>\u00a02025<\/strong><\/p>\n<\/div>","protected":false},"excerpt":{"rendered":"<p>Solicitamos informa\u00e7\u00f5es pessoais apenas quando realmente precisamos delas para lhe fornecer um servi\u00e7o. Fazemo-lo por meios justos e legais, com [&hellip;]<\/p>","protected":false},"author":1,"featured_media":0,"parent":0,"menu_order":0,"comment_status":"closed","ping_status":"closed","template":"","meta":{"site-sidebar-layout":"default","site-content-layout":"","ast-site-content-layout":"default","site-content-style":"default","site-sidebar-style":"default","ast-global-header-display":"","ast-banner-title-visibility":"","ast-main-header-display":"","ast-hfb-above-header-display":"","ast-hfb-below-header-display":"","ast-hfb-mobile-header-display":"","site-post-title":"","ast-breadcrumbs-content":"","ast-featured-img":"","footer-sml-layout":"","theme-transparent-header-meta":"default","adv-header-id-meta":"","stick-header-meta":"","header-above-stick-meta":"","header-main-stick-meta":"","header-below-stick-meta":"","astra-migrate-meta-layouts":"set","ast-page-background-enabled":"default","ast-page-background-meta":{"desktop":{"background-color":"var(--ast-global-color-5)","background-image":"","background-repeat":"repeat","background-position":"center center","background-size":"auto","background-attachment":"scroll","background-type":"","background-media":"","overlay-type":"","overlay-color":"","overlay-opacity":"","overlay-gradient":""},"tablet":{"background-color":"","background-image":"","background-repeat":"repeat","background-position":"center center","background-size":"auto","background-attachment":"scroll","background-type":"","background-media":"","overlay-type":"","overlay-color":"","overlay-opacity":"","overlay-gradient":""},"mobile":{"background-color":"","background-image":"","background-repeat":"repeat","background-position":"center center","background-size":"auto","background-attachment":"scroll","background-type":"","background-media":"","overlay-type":"","overlay-color":"","overlay-opacity":"","overlay-gradient":""}},"ast-content-background-meta":{"desktop":{"background-color":"var(--ast-global-color-4)","background-image":"","background-repeat":"repeat","background-position":"center center","background-size":"auto","background-attachment":"scroll","background-type":"","background-media":"","overlay-type":"","overlay-color":"","overlay-opacity":"","overlay-gradient":""},"tablet":{"background-color":"var(--ast-global-color-4)","background-image":"","background-repeat":"repeat","background-position":"center center","background-size":"auto","background-attachment":"scroll","background-type":"","background-media":"","overlay-type":"","overlay-color":"","overlay-opacity":"","overlay-gradient":""},"mobile":{"background-color":"var(--ast-global-color-4)","background-image":"","background-repeat":"repeat","background-position":"center center","background-size":"auto","background-attachment":"scroll","background-type":"","background-media":"","overlay-type":"","overlay-color":"","overlay-opacity":"","overlay-gradient":""}},"footnotes":""},"class_list":["post-10","page","type-page","status-publish","hentry"],"yoast_head":"<!-- This site is optimized with the Yoast SEO plugin v24.9 - https:\/\/yoast.com\/wordpress\/plugins\/seo\/ -->\n<title>Pol\u00edtica de Privacidade - xskillup<\/title>\n<meta name=\"robots\" content=\"index, follow, max-snippet:-1, max-image-preview:large, max-video-preview:-1\" \/>\n<link rel=\"canonical\" href=\"https:\/\/www.jobs.xskillup.com\/it\/politica-de-privacidade\/\" \/>\n<meta property=\"og:locale\" content=\"it_IT\" \/>\n<meta property=\"og:type\" content=\"article\" \/>\n<meta property=\"og:title\" content=\"Pol\u00edtica de Privacidade - xskillup\" \/>\n<meta property=\"og:description\" content=\"Solicitamos informa\u00e7\u00f5es pessoais apenas quando realmente precisamos delas para lhe fornecer um servi\u00e7o. Fazemo-lo por meios justos e legais, com [&hellip;]\" \/>\n<meta property=\"og:url\" content=\"https:\/\/www.jobs.xskillup.com\/it\/politica-de-privacidade\/\" \/>\n<meta property=\"og:site_name\" content=\"xskillup\" \/>\n<meta property=\"article:modified_time\" content=\"2025-03-19T15:48:25+00:00\" \/>\n<meta name=\"twitter:card\" content=\"summary_large_image\" \/>\n<meta name=\"twitter:label1\" content=\"Tempo di lettura stimato\" \/>\n\t<meta name=\"twitter:data1\" content=\"3 minuti\" \/>\n<script type=\"application\/ld+json\" class=\"yoast-schema-graph\">{\"@context\":\"https:\/\/schema.org\",\"@graph\":[{\"@type\":\"WebPage\",\"@id\":\"https:\/\/www.jobs.xskillup.com\/politica-de-privacidade\/\",\"url\":\"https:\/\/www.jobs.xskillup.com\/politica-de-privacidade\/\",\"name\":\"Pol\u00edtica de Privacidade - xskillup\",\"isPartOf\":{\"@id\":\"https:\/\/www.jobs.xskillup.com\/#website\"},\"datePublished\":\"2025-03-19T15:36:22+00:00\",\"dateModified\":\"2025-03-19T15:48:25+00:00\",\"breadcrumb\":{\"@id\":\"https:\/\/www.jobs.xskillup.com\/politica-de-privacidade\/#breadcrumb\"},\"inLanguage\":\"it-IT\",\"potentialAction\":[{\"@type\":\"ReadAction\",\"target\":[\"https:\/\/www.jobs.xskillup.com\/politica-de-privacidade\/\"]}]},{\"@type\":\"BreadcrumbList\",\"@id\":\"https:\/\/www.jobs.xskillup.com\/politica-de-privacidade\/#breadcrumb\",\"itemListElement\":[{\"@type\":\"ListItem\",\"position\":1,\"name\":\"In\u00edcio\",\"item\":\"https:\/\/www.jobs.xskillup.com\/\"},{\"@type\":\"ListItem\",\"position\":2,\"name\":\"Pol\u00edtica de Privacidade\"}]},{\"@type\":\"WebSite\",\"@id\":\"https:\/\/www.jobs.xskillup.com\/#website\",\"url\":\"https:\/\/www.jobs.xskillup.com\/\",\"name\":\"xskillup\",\"description\":\"Bem-vindo\",\"publisher\":{\"@id\":\"https:\/\/www.jobs.xskillup.com\/#organization\"},\"potentialAction\":[{\"@type\":\"SearchAction\",\"target\":{\"@type\":\"EntryPoint\",\"urlTemplate\":\"https:\/\/www.jobs.xskillup.com\/?s={search_term_string}\"},\"query-input\":{\"@type\":\"PropertyValueSpecification\",\"valueRequired\":true,\"valueName\":\"search_term_string\"}}],\"inLanguage\":\"it-IT\"},{\"@type\":\"Organization\",\"@id\":\"https:\/\/www.jobs.xskillup.com\/#organization\",\"name\":\"xskillup\",\"url\":\"https:\/\/www.jobs.xskillup.com\/\",\"logo\":{\"@type\":\"ImageObject\",\"inLanguage\":\"it-IT\",\"@id\":\"https:\/\/www.jobs.xskillup.com\/#\/schema\/logo\/image\/\",\"url\":\"https:\/\/www.jobs.xskillup.com\/wp-content\/uploads\/2025\/03\/origami.png\",\"contentUrl\":\"https:\/\/www.jobs.xskillup.com\/wp-content\/uploads\/2025\/03\/origami.png\",\"width\":512,\"height\":512,\"caption\":\"xskillup\"},\"image\":{\"@id\":\"https:\/\/www.jobs.xskillup.com\/#\/schema\/logo\/image\/\"}}]}<\/script>\n<!-- \/ Yoast SEO plugin. -->","yoast_head_json":{"title":"Pol\u00edtica de Privacidade - xskillup","robots":{"index":"index","follow":"follow","max-snippet":"max-snippet:-1","max-image-preview":"max-image-preview:large","max-video-preview":"max-video-preview:-1"},"canonical":"https:\/\/www.jobs.xskillup.com\/it\/politica-de-privacidade\/","og_locale":"it_IT","og_type":"article","og_title":"Pol\u00edtica de Privacidade - xskillup","og_description":"Solicitamos informa\u00e7\u00f5es pessoais apenas quando realmente precisamos delas para lhe fornecer um servi\u00e7o. Fazemo-lo por meios justos e legais, com [&hellip;]","og_url":"https:\/\/www.jobs.xskillup.com\/it\/politica-de-privacidade\/","og_site_name":"xskillup","article_modified_time":"2025-03-19T15:48:25+00:00","twitter_card":"summary_large_image","twitter_misc":{"Tempo di lettura stimato":"3 minuti"},"schema":{"@context":"https:\/\/schema.org","@graph":[{"@type":"WebPage","@id":"https:\/\/www.jobs.xskillup.com\/politica-de-privacidade\/","url":"https:\/\/www.jobs.xskillup.com\/politica-de-privacidade\/","name":"Pol\u00edtica de Privacidade - xskillup","isPartOf":{"@id":"https:\/\/www.jobs.xskillup.com\/#website"},"datePublished":"2025-03-19T15:36:22+00:00","dateModified":"2025-03-19T15:48:25+00:00","breadcrumb":{"@id":"https:\/\/www.jobs.xskillup.com\/politica-de-privacidade\/#breadcrumb"},"inLanguage":"it-IT","potentialAction":[{"@type":"ReadAction","target":["https:\/\/www.jobs.xskillup.com\/politica-de-privacidade\/"]}]},{"@type":"BreadcrumbList","@id":"https:\/\/www.jobs.xskillup.com\/politica-de-privacidade\/#breadcrumb","itemListElement":[{"@type":"ListItem","position":1,"name":"In\u00edcio","item":"https:\/\/www.jobs.xskillup.com\/"},{"@type":"ListItem","position":2,"name":"Pol\u00edtica de Privacidade"}]},{"@type":"WebSite","@id":"https:\/\/www.jobs.xskillup.com\/#website","url":"https:\/\/www.jobs.xskillup.com\/","name":"xskillup","description":"Bem-vindo","publisher":{"@id":"https:\/\/www.jobs.xskillup.com\/#organization"},"potentialAction":[{"@type":"SearchAction","target":{"@type":"EntryPoint","urlTemplate":"https:\/\/www.jobs.xskillup.com\/?s={search_term_string}"},"query-input":{"@type":"PropertyValueSpecification","valueRequired":true,"valueName":"search_term_string"}}],"inLanguage":"it-IT"},{"@type":"Organization","@id":"https:\/\/www.jobs.xskillup.com\/#organization","name":"xskillup","url":"https:\/\/www.jobs.xskillup.com\/","logo":{"@type":"ImageObject","inLanguage":"it-IT","@id":"https:\/\/www.jobs.xskillup.com\/#\/schema\/logo\/image\/","url":"https:\/\/www.jobs.xskillup.com\/wp-content\/uploads\/2025\/03\/origami.png","contentUrl":"https:\/\/www.jobs.xskillup.com\/wp-content\/uploads\/2025\/03\/origami.png","width":512,"height":512,"caption":"xskillup"},"image":{"@id":"https:\/\/www.jobs.xskillup.com\/#\/schema\/logo\/image\/"}}]}},"_links":{"self":[{"href":"https:\/\/www.jobs.xskillup.com\/it\/wp-json\/wp\/v2\/pages\/10","targetHints":{"allow":["GET"]}}],"collection":[{"href":"https:\/\/www.jobs.xskillup.com\/it\/wp-json\/wp\/v2\/pages"}],"about":[{"href":"https:\/\/www.jobs.xskillup.com\/it\/wp-json\/wp\/v2\/types\/page"}],"author":[{"embeddable":true,"href":"https:\/\/www.jobs.xskillup.com\/it\/wp-json\/wp\/v2\/users\/1"}],"replies":[{"embeddable":true,"href":"https:\/\/www.jobs.xskillup.com\/it\/wp-json\/wp\/v2\/comments?post=10"}],"version-history":[{"count":2,"href":"https:\/\/www.jobs.xskillup.com\/it\/wp-json\/wp\/v2\/pages\/10\/revisions"}],"predecessor-version":[{"id":20,"href":"https:\/\/www.jobs.xskillup.com\/it\/wp-json\/wp\/v2\/pages\/10\/revisions\/20"}],"wp:attachment":[{"href":"https:\/\/www.jobs.xskillup.com\/it\/wp-json\/wp\/v2\/media?parent=10"}],"curies":[{"name":"wp","href":"https:\/\/api.w.org\/{rel}","templated":true}]}}