{"id":16,"date":"2025-03-19T15:37:25","date_gmt":"2025-03-19T15:37:25","guid":{"rendered":"https:\/\/www.jobs.xskillup.com\/?page_id=16"},"modified":"2025-03-19T15:40:04","modified_gmt":"2025-03-19T15:40:04","slug":"termos-de-uso","status":"publish","type":"page","link":"https:\/\/www.jobs.xskillup.com\/nb\/termos-de-uso\/","title":{"rendered":"Vilk\u00e5r for bruk"},"content":{"rendered":"<p>N\u00e5r du g\u00e5r inn p\u00e5 nettsiden\u00a0<strong>jobs.xskillup.com<\/strong>, godtar du \u00e5 overholde disse tjenestevilk\u00e5rene, alle gjeldende lover og forskrifter, og du er ansvarlig for \u00e5 overholde alle gjeldende lokale lover. Hvis du ikke godtar noen av disse vilk\u00e5rene, har du forbud mot \u00e5 bruke eller f\u00e5 tilgang til dette nettstedet. Materialet p\u00e5 denne nettsiden er beskyttet av gjeldende opphavsrett og varemerkelov.<\/p>\n<h4>Bruk lisens<\/h4>\n<p>Tillatelse er gitt til \u00e5 f\u00e5 tilgang til og bruke materialet (informasjon, stillingsannonser, programvare eller annet innhold) p\u00e5 nettstedet\u00a0<strong>jobs.xskillup.com<\/strong>, kun for personlig, ikke-kommersiell bruk. Dette er tildeling av en lisens, ikke en overf\u00f8ring av eiendom, og under denne lisensen kan du ikke:<\/p>\n<ul>\n<li>endre eller kopiere materialet;<\/li>\n<li>Bruk materialet til ethvert kommersielt form\u00e5l, eller til offentlig visning (kommersiell eller ikke-kommersiell);<\/li>\n<li>Fors\u00f8k p\u00e5 \u00e5 dekompilere eller reversere programvaren p\u00e5 nettstedet;<\/li>\n<li>Fjern eventuelle opphavsrettslige eller andre eiendomsbetegnelser fra materialet;<\/li>\n<li>Overf\u00f8r materialet til en annen person eller &#039;speil&#039; materialet p\u00e5 en annen server.<\/li>\n<\/ul>\n<p>Denne lisensen vil automatisk avsluttes hvis du bryter noen av disse begrensningene og kan bli tilbakekalt av\u00a0<strong>jobs.xskillup.com<\/strong>\u00a0n\u00e5r som helst. N\u00e5r du avslutter visningen av dette materialet eller ved oppsigelse av denne lisensen, m\u00e5 du \u00f8delegge alt nedlastet materiale i din besittelse, enten det er i elektronisk eller trykt format.<\/p>\n<h4>Ansvarsfraskrivelse<\/h4>\n<p>Materialene p\u00e5 nettsiden\u00a0<strong>jobs.xskillup.com<\/strong>\u00a0leveres &quot;som de er&quot;. Nettstedet gir ingen garantier, uttrykte eller underforst\u00e5tte, og fraskriver seg og nekter herved alle andre garantier, inkludert uten begrensning, underforst\u00e5tte garantier eller betingelser for salgbarhet, egnethet for et bestemt form\u00e5l, eller ikke-krenkelse av intellektuell eiendom eller andre brudd p\u00e5 rettigheter. Videre\u00a0<strong>jobs.xskillup.com<\/strong>\u00a0garanterer eller gir ingen representasjoner ang\u00e5ende n\u00f8yaktigheten, sannsynlige resultater eller p\u00e5liteligheten av bruken av materialet p\u00e5 nettstedet eller p\u00e5 annen m\u00e5te relatert til slikt materiale eller p\u00e5 noen nettsteder som er koblet til dette nettstedet.<\/p>\n<h4>Begrensninger<\/h4>\n<p>Ikke i noe tilfelle\u00a0<strong>jobs.xskillup.com<\/strong>\u00a0eller dets leverand\u00f8rer v\u00e6re ansvarlig for eventuelle skader (inkludert, uten begrensning, skader for tap av data eller fortjeneste, eller p\u00e5 grunn av forretningsavbrudd) som oppst\u00e5r som f\u00f8lge av bruk eller manglende evne til \u00e5 bruke materialet p\u00e5 nettstedet, selv om\u00a0<strong>jobs.xskillup.com<\/strong>\u00a0eller en autorisert representant har blitt varslet muntlig eller skriftlig om muligheten for slike skader. Fordi noen jurisdiksjoner ikke tillater begrensninger p\u00e5 underforst\u00e5tte garantier, eller begrensninger av ansvar for f\u00f8lgeskader eller tilfeldige skader, kan det hende at disse begrensningene ikke gjelder deg.<\/p>\n<h4>N\u00f8yaktighet av materialer<\/h4>\n<p>Materialet som vises p\u00e5 nettstedet\u00a0<strong>jobs.xskillup.com<\/strong>\u00a0kan inneholde tekniske, typografiske eller innholdsmessige feil. Nettstedet garanterer ikke at noe materiale p\u00e5 plattformen er n\u00f8yaktig, fullstendig eller oppdatert.\u00a0<strong>jobs.xskillup.com<\/strong>\u00a0kan foreta endringer i materialet p\u00e5 nettsiden deres n\u00e5r som helst uten varsel. Nettsiden forplikter seg imidlertid ikke til \u00e5 oppdatere materialet regelmessig.<\/p>\n<h4>Eksterne lenker<\/h4>\n<p><strong>jobs.xskillup.com<\/strong>\u00a0har ikke gjennomg\u00e5tt alle nettstedene som er koblet til nettstedet og er ikke ansvarlig for innholdet p\u00e5 slike koblede nettsteder. Inkludering av noen lenke inneb\u00e6rer ikke godkjenning av\u00a0<strong>jobs.xskillup.com<\/strong>\u00a0av nettstedet. Bruk av et lenket nettsted er p\u00e5 brukerens egen risiko.<\/p>\n<h4>Modifikasjoner<\/h4>\n<p><strong>jobs.xskillup.com<\/strong>\u00a0kan revidere disse tjenestevilk\u00e5rene n\u00e5r som helst uten varsel. Ved \u00e5 bruke denne nettsiden godtar du \u00e5 v\u00e6re bundet av gjeldende versjon av disse tjenestevilk\u00e5rene.<\/p>\n<h4>Gjeldende lov<\/h4>\n<p>Disse vilk\u00e5rene og betingelsene styres av og tolkes i samsvar med lovene i landet eller regionen hvor\u00a0<strong>jobs.xskillup.com<\/strong>\u00a0har hovedkontor, og du underkaster deg ugjenkallelig den eksklusive jurisdiksjonen til domstolene p\u00e5 det stedet.<\/p>\n<hr \/>\n<p><strong>Siste oppdatering: 2025<\/strong><\/p>","protected":false},"excerpt":{"rendered":"<p>Ao acessar o site\u00a0jobs.xskillup.com, voc\u00ea concorda em cumprir estes termos de servi\u00e7o, todas as leis e regulamentos aplic\u00e1veis, e declara [&hellip;]<\/p>","protected":false},"author":1,"featured_media":0,"parent":0,"menu_order":0,"comment_status":"closed","ping_status":"closed","template":"","meta":{"site-sidebar-layout":"default","site-content-layout":"","ast-site-content-layout":"default","site-content-style":"default","site-sidebar-style":"default","ast-global-header-display":"","ast-banner-title-visibility":"","ast-main-header-display":"","ast-hfb-above-header-display":"","ast-hfb-below-header-display":"","ast-hfb-mobile-header-display":"","site-post-title":"","ast-breadcrumbs-content":"","ast-featured-img":"","footer-sml-layout":"","theme-transparent-header-meta":"default","adv-header-id-meta":"","stick-header-meta":"","header-above-stick-meta":"","header-main-stick-meta":"","header-below-stick-meta":"","astra-migrate-meta-layouts":"set","ast-page-background-enabled":"default","ast-page-background-meta":{"desktop":{"background-color":"var(--ast-global-color-5)","background-image":"","background-repeat":"repeat","background-position":"center center","background-size":"auto","background-attachment":"scroll","background-type":"","background-media":"","overlay-type":"","overlay-color":"","overlay-opacity":"","overlay-gradient":""},"tablet":{"background-color":"","background-image":"","background-repeat":"repeat","background-position":"center center","background-size":"auto","background-attachment":"scroll","background-type":"","background-media":"","overlay-type":"","overlay-color":"","overlay-opacity":"","overlay-gradient":""},"mobile":{"background-color":"","background-image":"","background-repeat":"repeat","background-position":"center center","background-size":"auto","background-attachment":"scroll","background-type":"","background-media":"","overlay-type":"","overlay-color":"","overlay-opacity":"","overlay-gradient":""}},"ast-content-background-meta":{"desktop":{"background-color":"var(--ast-global-color-4)","background-image":"","background-repeat":"repeat","background-position":"center center","background-size":"auto","background-attachment":"scroll","background-type":"","background-media":"","overlay-type":"","overlay-color":"","overlay-opacity":"","overlay-gradient":""},"tablet":{"background-color":"var(--ast-global-color-4)","background-image":"","background-repeat":"repeat","background-position":"center center","background-size":"auto","background-attachment":"scroll","background-type":"","background-media":"","overlay-type":"","overlay-color":"","overlay-opacity":"","overlay-gradient":""},"mobile":{"background-color":"var(--ast-global-color-4)","background-image":"","background-repeat":"repeat","background-position":"center center","background-size":"auto","background-attachment":"scroll","background-type":"","background-media":"","overlay-type":"","overlay-color":"","overlay-opacity":"","overlay-gradient":""}},"footnotes":""},"class_list":["post-16","page","type-page","status-publish","hentry"],"yoast_head":"<!-- This site is optimized with the Yoast SEO plugin v24.9 - https:\/\/yoast.com\/wordpress\/plugins\/seo\/ -->\n<title>Termos de uso - xskillup<\/title>\n<meta name=\"robots\" content=\"index, follow, max-snippet:-1, max-image-preview:large, max-video-preview:-1\" \/>\n<link rel=\"canonical\" href=\"https:\/\/www.jobs.xskillup.com\/nb\/termos-de-uso\/\" \/>\n<meta property=\"og:locale\" content=\"nb_NO\" \/>\n<meta property=\"og:type\" content=\"article\" \/>\n<meta property=\"og:title\" content=\"Termos de uso - xskillup\" \/>\n<meta property=\"og:description\" content=\"Ao acessar o site\u00a0jobs.xskillup.com, voc\u00ea concorda em cumprir estes termos de servi\u00e7o, todas as leis e regulamentos aplic\u00e1veis, e declara [&hellip;]\" \/>\n<meta property=\"og:url\" content=\"https:\/\/www.jobs.xskillup.com\/nb\/termos-de-uso\/\" \/>\n<meta property=\"og:site_name\" content=\"xskillup\" \/>\n<meta property=\"article:modified_time\" content=\"2025-03-19T15:40:04+00:00\" \/>\n<meta name=\"twitter:card\" content=\"summary_large_image\" \/>\n<meta name=\"twitter:label1\" content=\"Ansl. lesetid\" \/>\n\t<meta name=\"twitter:data1\" content=\"4 minutter\" \/>\n<script type=\"application\/ld+json\" class=\"yoast-schema-graph\">{\"@context\":\"https:\/\/schema.org\",\"@graph\":[{\"@type\":\"WebPage\",\"@id\":\"https:\/\/www.jobs.xskillup.com\/termos-de-uso\/\",\"url\":\"https:\/\/www.jobs.xskillup.com\/termos-de-uso\/\",\"name\":\"Termos de uso - xskillup\",\"isPartOf\":{\"@id\":\"https:\/\/www.jobs.xskillup.com\/#website\"},\"datePublished\":\"2025-03-19T15:37:25+00:00\",\"dateModified\":\"2025-03-19T15:40:04+00:00\",\"breadcrumb\":{\"@id\":\"https:\/\/www.jobs.xskillup.com\/termos-de-uso\/#breadcrumb\"},\"inLanguage\":\"nb-NO\",\"potentialAction\":[{\"@type\":\"ReadAction\",\"target\":[\"https:\/\/www.jobs.xskillup.com\/termos-de-uso\/\"]}]},{\"@type\":\"BreadcrumbList\",\"@id\":\"https:\/\/www.jobs.xskillup.com\/termos-de-uso\/#breadcrumb\",\"itemListElement\":[{\"@type\":\"ListItem\",\"position\":1,\"name\":\"In\u00edcio\",\"item\":\"https:\/\/www.jobs.xskillup.com\/\"},{\"@type\":\"ListItem\",\"position\":2,\"name\":\"Termos de uso\"}]},{\"@type\":\"WebSite\",\"@id\":\"https:\/\/www.jobs.xskillup.com\/#website\",\"url\":\"https:\/\/www.jobs.xskillup.com\/\",\"name\":\"xskillup\",\"description\":\"Bem-vindo\",\"publisher\":{\"@id\":\"https:\/\/www.jobs.xskillup.com\/#organization\"},\"potentialAction\":[{\"@type\":\"SearchAction\",\"target\":{\"@type\":\"EntryPoint\",\"urlTemplate\":\"https:\/\/www.jobs.xskillup.com\/?s={search_term_string}\"},\"query-input\":{\"@type\":\"PropertyValueSpecification\",\"valueRequired\":true,\"valueName\":\"search_term_string\"}}],\"inLanguage\":\"nb-NO\"},{\"@type\":\"Organization\",\"@id\":\"https:\/\/www.jobs.xskillup.com\/#organization\",\"name\":\"xskillup\",\"url\":\"https:\/\/www.jobs.xskillup.com\/\",\"logo\":{\"@type\":\"ImageObject\",\"inLanguage\":\"nb-NO\",\"@id\":\"https:\/\/www.jobs.xskillup.com\/#\/schema\/logo\/image\/\",\"url\":\"https:\/\/www.jobs.xskillup.com\/wp-content\/uploads\/2025\/03\/origami.png\",\"contentUrl\":\"https:\/\/www.jobs.xskillup.com\/wp-content\/uploads\/2025\/03\/origami.png\",\"width\":512,\"height\":512,\"caption\":\"xskillup\"},\"image\":{\"@id\":\"https:\/\/www.jobs.xskillup.com\/#\/schema\/logo\/image\/\"}}]}<\/script>\n<!-- \/ Yoast SEO plugin. -->","yoast_head_json":{"title":"Termos de uso - xskillup","robots":{"index":"index","follow":"follow","max-snippet":"max-snippet:-1","max-image-preview":"max-image-preview:large","max-video-preview":"max-video-preview:-1"},"canonical":"https:\/\/www.jobs.xskillup.com\/nb\/termos-de-uso\/","og_locale":"nb_NO","og_type":"article","og_title":"Termos de uso - xskillup","og_description":"Ao acessar o site\u00a0jobs.xskillup.com, voc\u00ea concorda em cumprir estes termos de servi\u00e7o, todas as leis e regulamentos aplic\u00e1veis, e declara [&hellip;]","og_url":"https:\/\/www.jobs.xskillup.com\/nb\/termos-de-uso\/","og_site_name":"xskillup","article_modified_time":"2025-03-19T15:40:04+00:00","twitter_card":"summary_large_image","twitter_misc":{"Ansl. lesetid":"4 minutter"},"schema":{"@context":"https:\/\/schema.org","@graph":[{"@type":"WebPage","@id":"https:\/\/www.jobs.xskillup.com\/termos-de-uso\/","url":"https:\/\/www.jobs.xskillup.com\/termos-de-uso\/","name":"Termos de uso - xskillup","isPartOf":{"@id":"https:\/\/www.jobs.xskillup.com\/#website"},"datePublished":"2025-03-19T15:37:25+00:00","dateModified":"2025-03-19T15:40:04+00:00","breadcrumb":{"@id":"https:\/\/www.jobs.xskillup.com\/termos-de-uso\/#breadcrumb"},"inLanguage":"nb-NO","potentialAction":[{"@type":"ReadAction","target":["https:\/\/www.jobs.xskillup.com\/termos-de-uso\/"]}]},{"@type":"BreadcrumbList","@id":"https:\/\/www.jobs.xskillup.com\/termos-de-uso\/#breadcrumb","itemListElement":[{"@type":"ListItem","position":1,"name":"In\u00edcio","item":"https:\/\/www.jobs.xskillup.com\/"},{"@type":"ListItem","position":2,"name":"Termos de uso"}]},{"@type":"WebSite","@id":"https:\/\/www.jobs.xskillup.com\/#website","url":"https:\/\/www.jobs.xskillup.com\/","name":"xskillup","description":"Bem-vindo","publisher":{"@id":"https:\/\/www.jobs.xskillup.com\/#organization"},"potentialAction":[{"@type":"SearchAction","target":{"@type":"EntryPoint","urlTemplate":"https:\/\/www.jobs.xskillup.com\/?s={search_term_string}"},"query-input":{"@type":"PropertyValueSpecification","valueRequired":true,"valueName":"search_term_string"}}],"inLanguage":"nb-NO"},{"@type":"Organization","@id":"https:\/\/www.jobs.xskillup.com\/#organization","name":"xskillup","url":"https:\/\/www.jobs.xskillup.com\/","logo":{"@type":"ImageObject","inLanguage":"nb-NO","@id":"https:\/\/www.jobs.xskillup.com\/#\/schema\/logo\/image\/","url":"https:\/\/www.jobs.xskillup.com\/wp-content\/uploads\/2025\/03\/origami.png","contentUrl":"https:\/\/www.jobs.xskillup.com\/wp-content\/uploads\/2025\/03\/origami.png","width":512,"height":512,"caption":"xskillup"},"image":{"@id":"https:\/\/www.jobs.xskillup.com\/#\/schema\/logo\/image\/"}}]}},"_links":{"self":[{"href":"https:\/\/www.jobs.xskillup.com\/nb\/wp-json\/wp\/v2\/pages\/16","targetHints":{"allow":["GET"]}}],"collection":[{"href":"https:\/\/www.jobs.xskillup.com\/nb\/wp-json\/wp\/v2\/pages"}],"about":[{"href":"https:\/\/www.jobs.xskillup.com\/nb\/wp-json\/wp\/v2\/types\/page"}],"author":[{"embeddable":true,"href":"https:\/\/www.jobs.xskillup.com\/nb\/wp-json\/wp\/v2\/users\/1"}],"replies":[{"embeddable":true,"href":"https:\/\/www.jobs.xskillup.com\/nb\/wp-json\/wp\/v2\/comments?post=16"}],"version-history":[{"count":2,"href":"https:\/\/www.jobs.xskillup.com\/nb\/wp-json\/wp\/v2\/pages\/16\/revisions"}],"predecessor-version":[{"id":18,"href":"https:\/\/www.jobs.xskillup.com\/nb\/wp-json\/wp\/v2\/pages\/16\/revisions\/18"}],"wp:attachment":[{"href":"https:\/\/www.jobs.xskillup.com\/nb\/wp-json\/wp\/v2\/media?parent=16"}],"curies":[{"name":"wp","href":"https:\/\/api.w.org\/{rel}","templated":true}]}}