{"id":2,"date":"2025-03-18T21:11:59","date_gmt":"2025-03-18T21:11:59","guid":{"rendered":"http:\/\/www.jobs.xskillup.com\/?page_id=2"},"modified":"2025-03-19T15:36:15","modified_gmt":"2025-03-19T15:36:15","slug":"home","status":"publish","type":"page","link":"https:\/\/www.jobs.xskillup.com\/nb\/home\/","title":{"rendered":"Hjem"},"content":{"rendered":"<p>Dette er en eksempelside. Det er forskjellig fra et blogginnlegg fordi det forblir p\u00e5 ett sted og vises i navigasjonen p\u00e5 nettstedet ditt (i de fleste temaer). De fleste starter med en Om-side som introduserer dem til potensielle bes\u00f8kende p\u00e5 nettstedet. Det kan si noe s\u00e5nt som dette:<\/p>\n\n\n\n<blockquote class=\"wp-block-quote is-layout-flow wp-block-quote-is-layout-flow\"><p>Hei! Jeg er en sykkelbud om dagen, ambisi\u00f8s skuespiller om natten, og dette er nettstedet mitt. Jeg bor i Los Angeles, har en flott hund som heter Jack, og jeg liker pi\u00f1a coladas. (Og blir fanget i regnet.)<\/p><\/blockquote>\n\n\n\n<p>\u2026eller noe s\u00e5nt som dette:<\/p>\n\n\n\n<blockquote class=\"wp-block-quote is-layout-flow wp-block-quote-is-layout-flow\"><p>XYZ Doohickey Company ble grunnlagt i 1971, og har levert kvalitetsdoohickeys til publikum siden den gang. XYZ ligger i Gotham City, og sysselsetter over 2000 mennesker og gj\u00f8r alle slags fantastiske ting for Gotham-samfunnet.<\/p><\/blockquote>\n\n\n\n<p>Som ny WordPress-bruker b\u00f8r du g\u00e5 til <a href=\"http:\/\/www.jobs.xskillup.com\/wp-admin\/\">dashbordet ditt<\/a> for \u00e5 slette denne siden og opprette nye sider for innholdet ditt. Ha det g\u00f8y!<\/p>","protected":false},"excerpt":{"rendered":"<p>This is an example page. It&#8217;s different from a blog post because it will stay in one place and will [&hellip;]<\/p>","protected":false},"author":1,"featured_media":0,"parent":0,"menu_order":0,"comment_status":"closed","ping_status":"closed","template":"","meta":{"site-sidebar-layout":"default","site-content-layout":"","ast-site-content-layout":"","site-content-style":"default","site-sidebar-style":"default","ast-global-header-display":"","ast-banner-title-visibility":"","ast-main-header-display":"","ast-hfb-above-header-display":"","ast-hfb-below-header-display":"","ast-hfb-mobile-header-display":"","site-post-title":"","ast-breadcrumbs-content":"","ast-featured-img":"","footer-sml-layout":"","theme-transparent-header-meta":"","adv-header-id-meta":"","stick-header-meta":"","header-above-stick-meta":"","header-main-stick-meta":"","header-below-stick-meta":"","astra-migrate-meta-layouts":"default","ast-page-background-enabled":"default","ast-page-background-meta":{"desktop":{"background-color":"var(--ast-global-color-5)","background-image":"","background-repeat":"repeat","background-position":"center center","background-size":"auto","background-attachment":"scroll","background-type":"","background-media":"","overlay-type":"","overlay-color":"","overlay-opacity":"","overlay-gradient":""},"tablet":{"background-color":"","background-image":"","background-repeat":"repeat","background-position":"center center","background-size":"auto","background-attachment":"scroll","background-type":"","background-media":"","overlay-type":"","overlay-color":"","overlay-opacity":"","overlay-gradient":""},"mobile":{"background-color":"","background-image":"","background-repeat":"repeat","background-position":"center center","background-size":"auto","background-attachment":"scroll","background-type":"","background-media":"","overlay-type":"","overlay-color":"","overlay-opacity":"","overlay-gradient":""}},"ast-content-background-meta":{"desktop":{"background-color":"var(--ast-global-color-4)","background-image":"","background-repeat":"repeat","background-position":"center center","background-size":"auto","background-attachment":"scroll","background-type":"","background-media":"","overlay-type":"","overlay-color":"","overlay-opacity":"","overlay-gradient":""},"tablet":{"background-color":"var(--ast-global-color-4)","background-image":"","background-repeat":"repeat","background-position":"center center","background-size":"auto","background-attachment":"scroll","background-type":"","background-media":"","overlay-type":"","overlay-color":"","overlay-opacity":"","overlay-gradient":""},"mobile":{"background-color":"var(--ast-global-color-4)","background-image":"","background-repeat":"repeat","background-position":"center center","background-size":"auto","background-attachment":"scroll","background-type":"","background-media":"","overlay-type":"","overlay-color":"","overlay-opacity":"","overlay-gradient":""}},"footnotes":""},"class_list":["post-2","page","type-page","status-publish","hentry"],"yoast_head":"<!-- This site is optimized with the Yoast SEO plugin v24.9 - https:\/\/yoast.com\/wordpress\/plugins\/seo\/ -->\n<title>Home - xskillup<\/title>\n<meta name=\"robots\" content=\"index, follow, max-snippet:-1, max-image-preview:large, max-video-preview:-1\" \/>\n<link rel=\"canonical\" href=\"https:\/\/www.jobs.xskillup.com\/nb\/home\/\" \/>\n<meta property=\"og:locale\" content=\"nb_NO\" \/>\n<meta property=\"og:type\" content=\"article\" \/>\n<meta property=\"og:title\" content=\"Home - xskillup\" \/>\n<meta property=\"og:description\" content=\"This is an example page. It&#8217;s different from a blog post because it will stay in one place and will [&hellip;]\" \/>\n<meta property=\"og:url\" content=\"https:\/\/www.jobs.xskillup.com\/nb\/home\/\" \/>\n<meta property=\"og:site_name\" content=\"xskillup\" \/>\n<meta property=\"article:modified_time\" content=\"2025-03-19T15:36:15+00:00\" \/>\n<meta name=\"twitter:card\" content=\"summary_large_image\" \/>\n<meta name=\"twitter:label1\" content=\"Ansl. lesetid\" \/>\n\t<meta name=\"twitter:data1\" content=\"1 minutt\" \/>\n<script type=\"application\/ld+json\" class=\"yoast-schema-graph\">{\"@context\":\"https:\/\/schema.org\",\"@graph\":[{\"@type\":\"WebPage\",\"@id\":\"https:\/\/www.jobs.xskillup.com\/home\/\",\"url\":\"https:\/\/www.jobs.xskillup.com\/home\/\",\"name\":\"Home - xskillup\",\"isPartOf\":{\"@id\":\"https:\/\/www.jobs.xskillup.com\/#website\"},\"datePublished\":\"2025-03-18T21:11:59+00:00\",\"dateModified\":\"2025-03-19T15:36:15+00:00\",\"breadcrumb\":{\"@id\":\"https:\/\/www.jobs.xskillup.com\/home\/#breadcrumb\"},\"inLanguage\":\"nb-NO\",\"potentialAction\":[{\"@type\":\"ReadAction\",\"target\":[\"https:\/\/www.jobs.xskillup.com\/home\/\"]}]},{\"@type\":\"BreadcrumbList\",\"@id\":\"https:\/\/www.jobs.xskillup.com\/home\/#breadcrumb\",\"itemListElement\":[{\"@type\":\"ListItem\",\"position\":1,\"name\":\"In\u00edcio\",\"item\":\"https:\/\/www.jobs.xskillup.com\/\"},{\"@type\":\"ListItem\",\"position\":2,\"name\":\"Home\"}]},{\"@type\":\"WebSite\",\"@id\":\"https:\/\/www.jobs.xskillup.com\/#website\",\"url\":\"https:\/\/www.jobs.xskillup.com\/\",\"name\":\"xskillup\",\"description\":\"Bem-vindo\",\"publisher\":{\"@id\":\"https:\/\/www.jobs.xskillup.com\/#organization\"},\"potentialAction\":[{\"@type\":\"SearchAction\",\"target\":{\"@type\":\"EntryPoint\",\"urlTemplate\":\"https:\/\/www.jobs.xskillup.com\/?s={search_term_string}\"},\"query-input\":{\"@type\":\"PropertyValueSpecification\",\"valueRequired\":true,\"valueName\":\"search_term_string\"}}],\"inLanguage\":\"nb-NO\"},{\"@type\":\"Organization\",\"@id\":\"https:\/\/www.jobs.xskillup.com\/#organization\",\"name\":\"xskillup\",\"url\":\"https:\/\/www.jobs.xskillup.com\/\",\"logo\":{\"@type\":\"ImageObject\",\"inLanguage\":\"nb-NO\",\"@id\":\"https:\/\/www.jobs.xskillup.com\/#\/schema\/logo\/image\/\",\"url\":\"https:\/\/www.jobs.xskillup.com\/wp-content\/uploads\/2025\/03\/origami.png\",\"contentUrl\":\"https:\/\/www.jobs.xskillup.com\/wp-content\/uploads\/2025\/03\/origami.png\",\"width\":512,\"height\":512,\"caption\":\"xskillup\"},\"image\":{\"@id\":\"https:\/\/www.jobs.xskillup.com\/#\/schema\/logo\/image\/\"}}]}<\/script>\n<!-- \/ Yoast SEO plugin. -->","yoast_head_json":{"title":"Home - xskillup","robots":{"index":"index","follow":"follow","max-snippet":"max-snippet:-1","max-image-preview":"max-image-preview:large","max-video-preview":"max-video-preview:-1"},"canonical":"https:\/\/www.jobs.xskillup.com\/nb\/home\/","og_locale":"nb_NO","og_type":"article","og_title":"Home - xskillup","og_description":"This is an example page. It&#8217;s different from a blog post because it will stay in one place and will [&hellip;]","og_url":"https:\/\/www.jobs.xskillup.com\/nb\/home\/","og_site_name":"xskillup","article_modified_time":"2025-03-19T15:36:15+00:00","twitter_card":"summary_large_image","twitter_misc":{"Ansl. lesetid":"1 minutt"},"schema":{"@context":"https:\/\/schema.org","@graph":[{"@type":"WebPage","@id":"https:\/\/www.jobs.xskillup.com\/home\/","url":"https:\/\/www.jobs.xskillup.com\/home\/","name":"Home - xskillup","isPartOf":{"@id":"https:\/\/www.jobs.xskillup.com\/#website"},"datePublished":"2025-03-18T21:11:59+00:00","dateModified":"2025-03-19T15:36:15+00:00","breadcrumb":{"@id":"https:\/\/www.jobs.xskillup.com\/home\/#breadcrumb"},"inLanguage":"nb-NO","potentialAction":[{"@type":"ReadAction","target":["https:\/\/www.jobs.xskillup.com\/home\/"]}]},{"@type":"BreadcrumbList","@id":"https:\/\/www.jobs.xskillup.com\/home\/#breadcrumb","itemListElement":[{"@type":"ListItem","position":1,"name":"In\u00edcio","item":"https:\/\/www.jobs.xskillup.com\/"},{"@type":"ListItem","position":2,"name":"Home"}]},{"@type":"WebSite","@id":"https:\/\/www.jobs.xskillup.com\/#website","url":"https:\/\/www.jobs.xskillup.com\/","name":"xskillup","description":"Bem-vindo","publisher":{"@id":"https:\/\/www.jobs.xskillup.com\/#organization"},"potentialAction":[{"@type":"SearchAction","target":{"@type":"EntryPoint","urlTemplate":"https:\/\/www.jobs.xskillup.com\/?s={search_term_string}"},"query-input":{"@type":"PropertyValueSpecification","valueRequired":true,"valueName":"search_term_string"}}],"inLanguage":"nb-NO"},{"@type":"Organization","@id":"https:\/\/www.jobs.xskillup.com\/#organization","name":"xskillup","url":"https:\/\/www.jobs.xskillup.com\/","logo":{"@type":"ImageObject","inLanguage":"nb-NO","@id":"https:\/\/www.jobs.xskillup.com\/#\/schema\/logo\/image\/","url":"https:\/\/www.jobs.xskillup.com\/wp-content\/uploads\/2025\/03\/origami.png","contentUrl":"https:\/\/www.jobs.xskillup.com\/wp-content\/uploads\/2025\/03\/origami.png","width":512,"height":512,"caption":"xskillup"},"image":{"@id":"https:\/\/www.jobs.xskillup.com\/#\/schema\/logo\/image\/"}}]}},"_links":{"self":[{"href":"https:\/\/www.jobs.xskillup.com\/nb\/wp-json\/wp\/v2\/pages\/2","targetHints":{"allow":["GET"]}}],"collection":[{"href":"https:\/\/www.jobs.xskillup.com\/nb\/wp-json\/wp\/v2\/pages"}],"about":[{"href":"https:\/\/www.jobs.xskillup.com\/nb\/wp-json\/wp\/v2\/types\/page"}],"author":[{"embeddable":true,"href":"https:\/\/www.jobs.xskillup.com\/nb\/wp-json\/wp\/v2\/users\/1"}],"replies":[{"embeddable":true,"href":"https:\/\/www.jobs.xskillup.com\/nb\/wp-json\/wp\/v2\/comments?post=2"}],"version-history":[{"count":2,"href":"https:\/\/www.jobs.xskillup.com\/nb\/wp-json\/wp\/v2\/pages\/2\/revisions"}],"predecessor-version":[{"id":9,"href":"https:\/\/www.jobs.xskillup.com\/nb\/wp-json\/wp\/v2\/pages\/2\/revisions\/9"}],"wp:attachment":[{"href":"https:\/\/www.jobs.xskillup.com\/nb\/wp-json\/wp\/v2\/media?parent=2"}],"curies":[{"name":"wp","href":"https:\/\/api.w.org\/{rel}","templated":true}]}}